{"id":655,"date":"2019-06-06T09:04:58","date_gmt":"2019-06-06T07:04:58","guid":{"rendered":"https:\/\/petzkolophonium.com\/?page_id=655"},"modified":"2022-09-20T09:07:04","modified_gmt":"2022-09-20T07:07:04","slug":"kolophonium","status":"publish","type":"page","link":"https:\/\/pk.at\/fr_FR\/kolophonium","title":{"rendered":"Colophane Petz"},"content":{"rendered":"\r\n<p class=\"has-text-align-center\" style=\"text-align: center;\"><span style=\"font-size: 16pt;\">Colophane moul\u00e9e \u00e0 la main et issue de notre propre fabrication.<\/span> <span style=\"font-size: 14pt;\">L\u2019utilisation de mati\u00e8res premi\u00e8res d\u2019excellente qualit\u00e9, des recettes adapt\u00e9es aux nouveaux mat\u00e9riaux de cordes et une exp\u00e9rience de plusieurs d\u00e9cennies permettent d\u2019obtenir un produit tr\u00e8s appr\u00e9ci\u00e9 des musiciens \u00e0 cordes du monde entier.<\/span><\/p>\r\n\r\n&nbsp;\r\n\r\n<div class=\"su-box su-box-style-soft\" id=\"\" style=\"border-color:#1e6008;border-radius:3px\"><div class=\"su-box-title\" style=\"background-color:#51933B;color:#FFFFFF;border-top-left-radius:1px;border-top-right-radius:1px\">Qualit\u00e9 standard<\/div><div class=\"su-box-content su-u-clearfix su-u-trim\" style=\"border-bottom-left-radius:1px;border-bottom-right-radius:1px\"> <a style=\"color: #747474;\" href=\"https:\/\/www.petzkolophonium.com\/shop\/lng\/en\/accessories\/kolophonium\/petz-kolophonium-vienna\/standard-quality\/petz-violin-viola-rosin-for-students.html\" target=\"_blank\" rel=\"noopener noreferrer\" data-wp-editing=\"1\"><img decoding=\"async\" loading=\"lazy\" class=\"alignnone wp-image-1374\" src=\"https:\/\/petzkolophonium.com\/wp-content\/uploads\/2020\/07\/5362_5363_Petz_Kolophonium_student.jpg\" alt=\"\" width=\"175\" height=\"127\" srcset=\"https:\/\/pk.at\/wp-content\/uploads\/2020\/07\/5362_5363_Petz_Kolophonium_student.jpg 250w, https:\/\/pk.at\/wp-content\/uploads\/2020\/07\/5362_5363_Petz_Kolophonium_student-24x17.jpg 24w, https:\/\/pk.at\/wp-content\/uploads\/2020\/07\/5362_5363_Petz_Kolophonium_student-36x26.jpg 36w, https:\/\/pk.at\/wp-content\/uploads\/2020\/07\/5362_5363_Petz_Kolophonium_student-48x35.jpg 48w\" sizes=\"(max-width: 175px) 100vw, 175px\" \/> <span style=\"font-size: 14pt;\"> Colophane Petz claire ou fonc\u00e9e pour violon et alto ; qualit\u00e9 \u00e9l\u00e8ves et \u00e9tudiants<br class=\"\u201dclear\u201d\" \/><br class=\"\u201dclear\u201d\" \/><\/span><\/a> <span style=\"font-family: Roboto; color: #747474;\"> <span style=\"font-size: 14pt;\"><a style=\"color: #747474;\" href=\"https:\/\/www.petzkolophonium.com\/shop\/lng\/en\/accessories\/kolophonium\/cello\/petz-cello-rosin-for-students.html\" target=\"_blank\" rel=\"noopener noreferrer\"><img decoding=\"async\" loading=\"lazy\" class=\"alignnone wp-image-1376\" src=\"https:\/\/petzkolophonium.com\/wp-content\/uploads\/2020\/07\/5360_5361_Petz_Kolophonium_student_cello.jpg\" alt=\"\" width=\"175\" height=\"126\" srcset=\"https:\/\/pk.at\/wp-content\/uploads\/2020\/07\/5360_5361_Petz_Kolophonium_student_cello.jpg 250w, https:\/\/pk.at\/wp-content\/uploads\/2020\/07\/5360_5361_Petz_Kolophonium_student_cello-24x17.jpg 24w, https:\/\/pk.at\/wp-content\/uploads\/2020\/07\/5360_5361_Petz_Kolophonium_student_cello-36x26.jpg 36w, https:\/\/pk.at\/wp-content\/uploads\/2020\/07\/5360_5361_Petz_Kolophonium_student_cello-48x35.jpg 48w\" sizes=\"(max-width: 175px) 100vw, 175px\" \/> Colophane Petz claire ou fonc\u00e9e pour violoncelle ; qualit\u00e9 \u00e9l\u00e8ves et \u00e9tudiants<\/a><\/span><\/span><br class=\"\u201dclear\u201d\" \/><br class=\"\u201dclear\u201d\" \/><span style=\"font-family: Roboto; color: #747474;\"> <a style=\"color: #747474;\" href=\"https:\/\/www.petzkolophonium.com\/shop\/lng\/en\/accessories\/kolophonium\/bass\/petz-rosin-for-double-bass.html\" target=\"_blank\" rel=\"noopener noreferrer\"><span style=\"font-size: 14pt;\"><img decoding=\"async\" loading=\"lazy\" class=\"alignnone wp-image-1380\" src=\"https:\/\/petzkolophonium.com\/wp-content\/uploads\/2020\/07\/5352_Petz_Kolophonium_bass_no2.jpg\" alt=\"\" width=\"173\" height=\"174\" srcset=\"https:\/\/pk.at\/wp-content\/uploads\/2020\/07\/5352_Petz_Kolophonium_bass_no2.jpg 250w, https:\/\/pk.at\/wp-content\/uploads\/2020\/07\/5352_Petz_Kolophonium_bass_no2-150x150.jpg 150w, https:\/\/pk.at\/wp-content\/uploads\/2020\/07\/5352_Petz_Kolophonium_bass_no2-24x24.jpg 24w, https:\/\/pk.at\/wp-content\/uploads\/2020\/07\/5352_Petz_Kolophonium_bass_no2-36x36.jpg 36w, https:\/\/pk.at\/wp-content\/uploads\/2020\/07\/5352_Petz_Kolophonium_bass_no2-48x48.jpg 48w\" sizes=\"(max-width: 173px) 100vw, 173px\" \/> Colophane Petz claire, moyenne ou fonc\u00e9e pour contrebasse ; qualit\u00e9 \u00e9l\u00e8ves et \u00e9tudiants<br class=\"\u201dclear\u201d\" \/><\/span><\/a> <\/div><\/div><\/span><\/p>\n&nbsp;\r\n\r\n<div class=\"su-box su-box-style-soft\" id=\"\" style=\"border-color:#1e6008;border-radius:3px\"><div class=\"su-box-title\" style=\"background-color:#51933B;color:#FFFFFF;border-top-left-radius:1px;border-top-right-radius:1px\">Qualit\u00e9 soliste<\/div><div class=\"su-box-content su-u-clearfix su-u-trim\" style=\"border-bottom-left-radius:1px;border-bottom-right-radius:1px\"> <span style=\"font-size: 14pt;\"><a style=\"color: #747474;\" href=\"https:\/\/www.petzkolophonium.com\/shop\/lng\/en\/accessories\/kolophonium\/violin\/petz-rosin-soloist-violin-and-viola.html\" target=\"_blank\" rel=\"noopener noreferrer\"><img decoding=\"async\" loading=\"lazy\" class=\"alignnone wp-image-1383\" src=\"https:\/\/petzkolophonium.com\/wp-content\/uploads\/2020\/07\/5365_Petz.jpg\" alt=\"\" width=\"175\" height=\"191\" srcset=\"https:\/\/pk.at\/wp-content\/uploads\/2020\/07\/5365_Petz.jpg 250w, https:\/\/pk.at\/wp-content\/uploads\/2020\/07\/5365_Petz-22x24.jpg 22w, https:\/\/pk.at\/wp-content\/uploads\/2020\/07\/5365_Petz-33x36.jpg 33w, https:\/\/pk.at\/wp-content\/uploads\/2020\/07\/5365_Petz-44x48.jpg 44w\" sizes=\"(max-width: 175px) 100vw, 175px\" \/>Colophane Petz \u00ab Soloist \u00bb claire ou fonc\u00e9e pour violon et alto<\/a><br class=\"\u201dclear\u201d\" \/><\/span> <span style=\"font-family: Roboto; color: #747474;\"> <a style=\"color: #747474;\" href=\"https:\/\/www.petzkolophonium.com\/shop\/lng\/en\/accessories\/kolophonium\/violin\/petz-rosin-for-violin-and-viola-wooden-pack.html\" target=\"_blank\" rel=\"noopener noreferrer\"><img decoding=\"async\" loading=\"lazy\" class=\"size-full wp-image-1258 alignleft\" src=\"https:\/\/petzkolophonium.com\/wp-content\/uploads\/2020\/06\/5340.jpg\" alt=\"\" width=\"181\" height=\"163\" srcset=\"https:\/\/pk.at\/wp-content\/uploads\/2020\/06\/5340.jpg 181w, https:\/\/pk.at\/wp-content\/uploads\/2020\/06\/5340-24x22.jpg 24w, https:\/\/pk.at\/wp-content\/uploads\/2020\/06\/5340-36x32.jpg 36w, https:\/\/pk.at\/wp-content\/uploads\/2020\/06\/5340-48x43.jpg 48w\" sizes=\"(max-width: 181px) 100vw, 181px\" \/><\/a><br class=\"\u201dclear\u201d\" \/><\/span> <span style=\"font-family: Roboto; color: #747474;\"><a style=\"color: #747474;\" href=\"https:\/\/www.petzkolophonium.com\/shop\/petz-kolophonium-fuer-violine-und-viola-holzform.html\" target=\"_blank\" rel=\"noopener noreferrer\"><span style=\"font-size: 14pt;\">Colophane Petz \u00ab Soloist \u00bb pour violon et alto livr\u00e9e dans un \u00e9crin en bois<\/span><\/a> <\/div><\/div><\/span><\/p>\n&nbsp;\r\n\r\n<div class=\"su-box su-box-style-soft\" id=\"\" style=\"border-color:#1e6008;border-radius:3px\"><div class=\"su-box-title\" style=\"background-color:#51933B;color:#FFFFFF;border-top-left-radius:1px;border-top-right-radius:1px\">Qualit\u00e9 Premium<\/div><div class=\"su-box-content su-u-clearfix su-u-trim\" style=\"border-bottom-left-radius:1px;border-bottom-right-radius:1px\"> <a style=\"color: #747474;\" href=\"https:\/\/www.petzkolophonium.com\/shop\/lng\/en\/accessories\/kolophonium\/petz-kolophonium-vienna\/premium-quality\/petz-viennas-best-rosin-for-violin.html\" target=\"_blank\" rel=\"noopener noreferrer\"><span style=\"font-size: 14pt;\"><img decoding=\"async\" loading=\"lazy\" class=\"alignnone wp-image-1398\" src=\"https:\/\/petzkolophonium.com\/wp-content\/uploads\/2020\/07\/5300_Petz_Kolophonium_Viennas_best_violin_soft-162x300.jpg\" alt=\"\" width=\"135\" height=\"250\" srcset=\"https:\/\/pk.at\/wp-content\/uploads\/2020\/07\/5300_Petz_Kolophonium_Viennas_best_violin_soft-162x300.jpg 162w, https:\/\/pk.at\/wp-content\/uploads\/2020\/07\/5300_Petz_Kolophonium_Viennas_best_violin_soft-13x24.jpg 13w, https:\/\/pk.at\/wp-content\/uploads\/2020\/07\/5300_Petz_Kolophonium_Viennas_best_violin_soft-19x36.jpg 19w, https:\/\/pk.at\/wp-content\/uploads\/2020\/07\/5300_Petz_Kolophonium_Viennas_best_violin_soft-26x48.jpg 26w, https:\/\/pk.at\/wp-content\/uploads\/2020\/07\/5300_Petz_Kolophonium_Viennas_best_violin_soft.jpg 250w\" sizes=\"(max-width: 135px) 100vw, 135px\" \/>Colophane Petz \u00ab Vienna\u2019s Best \u00bb pour violon et alto<\/span><\/a><br class=\"\u201dclear\u201d\" \/><span style=\"font-family: Roboto; color: #747474;\"><a style=\"color: #747474;\" href=\"https:\/\/www.petzkolophonium.com\/shop\/lng\/en\/accessories\/kolophonium\/petz-kolophonium-vienna\/premium-quality\/petz-viennas-best-for-cello.html\" target=\"_blank\" rel=\"noopener noreferrer\"><span style=\"font-size: 14pt;\"><img decoding=\"async\" loading=\"lazy\" class=\"alignnone wp-image-1399\" src=\"https:\/\/petzkolophonium.com\/wp-content\/uploads\/2020\/07\/5301-154x300.jpg\" alt=\"\" width=\"128\" height=\"250\" srcset=\"https:\/\/pk.at\/wp-content\/uploads\/2020\/07\/5301-154x300.jpg 154w, https:\/\/pk.at\/wp-content\/uploads\/2020\/07\/5301-12x24.jpg 12w, https:\/\/pk.at\/wp-content\/uploads\/2020\/07\/5301-18x36.jpg 18w, https:\/\/pk.at\/wp-content\/uploads\/2020\/07\/5301-25x48.jpg 25w, https:\/\/pk.at\/wp-content\/uploads\/2020\/07\/5301.jpg 250w\" sizes=\"(max-width: 128px) 100vw, 128px\" \/>Colophane Petz \u00ab Vienna\u2019s Best \u00bb pour violoncelle<\/span><\/a><br class=\"\u201dclear\u201d\" \/><\/span> <span style=\"font-family: Roboto; color: #747474;\"><span style=\"font-size: 14pt;\"><a style=\"color: #747474;\" href=\"https:\/\/www.petzkolophonium.com\/shop\/lng\/en\/accessories\/kolophonium\/petz-kolophonium-vienna\/premium-quality\/petz-premium-bass-rosin-extra-soft.html\" target=\"_blank\" rel=\"noopener noreferrer\"><img decoding=\"async\" loading=\"lazy\" class=\"alignnone wp-image-1401\" src=\"https:\/\/petzkolophonium.com\/wp-content\/uploads\/2020\/07\/5350_web.jpg\" alt=\"\" width=\"175\" height=\"188\" srcset=\"https:\/\/pk.at\/wp-content\/uploads\/2020\/07\/5350_web.jpg 250w, https:\/\/pk.at\/wp-content\/uploads\/2020\/07\/5350_web-22x24.jpg 22w, https:\/\/pk.at\/wp-content\/uploads\/2020\/07\/5350_web-34x36.jpg 34w, https:\/\/pk.at\/wp-content\/uploads\/2020\/07\/5350_web-45x48.jpg 45w\" sizes=\"(max-width: 175px) 100vw, 175px\" \/><\/a><\/span><a style=\"color: #747474;\" href=\"https:\/\/www.petzkolophonium.com\/shop\/lng\/en\/accessories\/kolophonium\/petz-kolophonium-vienna\/premium-quality\/petz-premium-bass-rosin-extra-soft.html\"><span style=\"font-size: 14pt;\"> Colophane Petz \u00ab Vienna\u2019s Best \u00bb pour contrebasse<\/span><\/a> <\/div><\/div><\/span><\/p>\n","protected":false},"excerpt":{"rendered":"<p><!-- wp:paragraph {\"align\":\"center\"} --><\/p>\n<p class=\"has-text-align-center\" style=\"text-align: center;\"><span style=\"font-size: 16pt;\">Colophane moul\u00e9e \u00e0 la main et issue de notre propre fabrication.<\/span> <span style=\"font-size: 14pt;\">L\u2019utilisation&#8230;<\/p>\n","protected":false},"author":3,"featured_media":0,"parent":0,"menu_order":0,"comment_status":"closed","ping_status":"closed","template":"","meta":{"footnotes":""},"_links":{"self":[{"href":"https:\/\/pk.at\/fr_FR\/wp-json\/wp\/v2\/pages\/655"}],"collection":[{"href":"https:\/\/pk.at\/fr_FR\/wp-json\/wp\/v2\/pages"}],"about":[{"href":"https:\/\/pk.at\/fr_FR\/wp-json\/wp\/v2\/types\/page"}],"author":[{"embeddable":true,"href":"https:\/\/pk.at\/fr_FR\/wp-json\/wp\/v2\/users\/3"}],"replies":[{"embeddable":true,"href":"https:\/\/pk.at\/fr_FR\/wp-json\/wp\/v2\/comments?post=655"}],"version-history":[{"count":158,"href":"https:\/\/pk.at\/fr_FR\/wp-json\/wp\/v2\/pages\/655\/revisions"}],"predecessor-version":[{"id":3068,"href":"https:\/\/pk.at\/fr_FR\/wp-json\/wp\/v2\/pages\/655\/revisions\/3068"}],"wp:attachment":[{"href":"https:\/\/pk.at\/fr_FR\/wp-json\/wp\/v2\/media?parent=655"}],"curies":[{"name":"wp","href":"https:\/\/api.w.org\/{rel}","templated":true}]}}