{"id":520,"date":"2016-08-19T10:56:08","date_gmt":"2016-08-19T08:56:08","guid":{"rendered":"http:\/\/petzkolophonium.com\/?page_id=520"},"modified":"2022-09-20T09:44:50","modified_gmt":"2022-09-20T07:44:50","slug":"msi-moser-sound-improvements","status":"publish","type":"page","link":"https:\/\/pk.at\/fr_FR\/msi-moser-sound-improvements","title":{"rendered":"MSI - Moser Sound Improvements"},"content":{"rendered":"<h2><img decoding=\"async\" loading=\"lazy\" class=\"alignnone wp-image-613 size-medium\" src=\"https:\/\/petzkolophonium.com\/wp-content\/uploads\/2019\/05\/MSI_Logo-300x74.jpg\" alt=\"\" width=\"300\" height=\"74\" srcset=\"https:\/\/pk.at\/wp-content\/uploads\/2019\/05\/MSI_Logo-300x74.jpg 300w, https:\/\/pk.at\/wp-content\/uploads\/2019\/05\/MSI_Logo-768x189.jpg 768w, https:\/\/pk.at\/wp-content\/uploads\/2019\/05\/MSI_Logo-1024x252.jpg 1024w, https:\/\/pk.at\/wp-content\/uploads\/2019\/05\/MSI_Logo-24x6.jpg 24w, https:\/\/pk.at\/wp-content\/uploads\/2019\/05\/MSI_Logo-36x9.jpg 36w, https:\/\/pk.at\/wp-content\/uploads\/2019\/05\/MSI_Logo-48x12.jpg 48w, https:\/\/pk.at\/wp-content\/uploads\/2019\/05\/MSI_Logo.jpg 250w\" sizes=\"(max-width: 300px) 100vw, 300px\" \/><\/h2>\n<p><iframe loading=\"lazy\" src=\"\/\/www.youtube.com\/embed\/x_6Li0US3YA\" width=\"560\" height=\"315\" frameborder=\"0\" allowfullscreen=\"allowfullscreen\" data-mce-fragment=\"1\"><\/iframe><\/p>\n<p><span style=\"font-size: 14pt;\"><strong>M\u00e9canique MOSER brevet\u00e9e (MPMN)<\/strong><\/span><\/p>\n<p><span style=\"font-size: 14pt;\">La m\u00e9canique pour chevalet de violoncelle MPMN est une liaison flexible entre le chevalet et les pieds du chevalet, ce qui permet de positionner durablement et solidement les pieds du chevalet sur la table.<\/span><\/p>\n<p><span style=\"font-size: 14pt;\">Ainsi, il est possible d\u2019augmenter le spectre sonore de l\u2019instrument (voir le rapport du test et autres informations disponibles sur le site <a href=\"http:\/\/www.moser-mpm.com\/\"><u>www.moser-mpm.com<\/u><\/a>\u00a0)<\/span><\/p>\n<p><a href=\"https:\/\/petzkolophonium.com\/wp-content\/uploads\/2020\/06\/Moser_Logo.jpg\"><img decoding=\"async\" loading=\"lazy\" class=\"alignnone size-medium wp-image-1229\" src=\"https:\/\/petzkolophonium.com\/wp-content\/uploads\/2020\/06\/Moser_Logo-300x31.jpg\" alt=\"\" width=\"300\" height=\"31\" srcset=\"https:\/\/pk.at\/wp-content\/uploads\/2020\/06\/Moser_Logo-300x31.jpg 300w, https:\/\/pk.at\/wp-content\/uploads\/2020\/06\/Moser_Logo-768x79.jpg 768w, https:\/\/pk.at\/wp-content\/uploads\/2020\/06\/Moser_Logo-24x2.jpg 24w, https:\/\/pk.at\/wp-content\/uploads\/2020\/06\/Moser_Logo-36x4.jpg 36w, https:\/\/pk.at\/wp-content\/uploads\/2020\/06\/Moser_Logo-48x5.jpg 48w, https:\/\/pk.at\/wp-content\/uploads\/2020\/06\/Moser_Logo.jpg 780w\" sizes=\"(max-width: 300px) 100vw, 300px\" \/><\/a><\/p>\n<p><span style=\"font-size: 14pt;\">Autres avantages\u00a0:<\/span><\/p>\n<ul>\n<li><span style=\"font-size: 14pt;\"><span style=\"font-size: 14pt;\">Les pieds du chevalet sont flexibles et s\u2019adaptent parfaitement \u00e0 tout changement de la table (susceptible de survenir p. ex. en raison de variations de la temp\u00e9rature et de l\u2019humidit\u00e9 de l\u2019air).<\/span><\/span><\/li>\n<p><br class=\u201dclear\u201d \/><\/p>\n<li><span style=\"font-size: 14pt;\"><span style=\"font-size: 14pt;\">Il est possible d\u2019adapter \u00e0 tout moment l\u2019angle d\u2019inclinaison du chevalet \u00e0 l\u2019instrument sans pour autant modifier le chevalet.<\/span><\/span><\/li>\n<p><br class=\u201dclear\u201d \/><\/p>\n<li><span style=\"font-size: 14pt;\">Ainsi, il est possible de r\u00e9gler individuellement la hauteur des cordes en fonction du style du musicien !<\/span><\/li>\n<\/ul>\n<p>&nbsp;<\/p>\n<style type=\"text\/css\">\r\n\t#foogallery-gallery-1825 .fg-image {\r\n        width: 250px;\r\n    }\r\n<\/style>\r\n\t\t\t\t<div class=\"foogallery foogallery-container foogallery-default foogallery-lightbox-foobox fg-gutter-10 fg-left fg-default fg-light fg-border-thin fg-round-small fg-shadow-outline fg-loading-default fg-loaded-fade-in fg-caption-hover fg-hover-fade fg-hover-external fg-light-overlays fg-ready\" id=\"foogallery-gallery-1825\" data-foogallery=\"{&quot;item&quot;:{&quot;showCaptionTitle&quot;:true,&quot;showCaptionDescription&quot;:true},&quot;lazy&quot;:true}\" >\r\n\t<div class=\"fg-item fg-type-image fg-idle\"><figure class=\"fg-item-inner\"><a href=\"https:\/\/pk.at\/wp-content\/uploads\/MPMN2_EN.jpg\" data-attachment-id=\"1822\" class=\"fg-thumb\"><span class=\"fg-image-wrap\"><img width=\"250\" height=\"250\" class=\"skip-lazy fg-image\" data-src-fg=\"https:\/\/pk.at\/wp-content\/uploads\/MPMN2_EN.jpg\" src=\"data:image\/svg+xml,%3Csvg%20xmlns%3D%22http%3A%2F%2Fwww.w3.org%2F2000%2Fsvg%22%20width%3D%22250%22%20height%3D%22250%22%20viewBox%3D%220%200%20250%20250%22%3E%3C%2Fsvg%3E\" loading=\"eager\"><\/span><span class=\"fg-image-overlay\"><\/span><\/a><figcaption class=\"fg-caption\"><div class=\"fg-caption-inner\"><\/div><\/figcaption><\/figure><div class=\"fg-loader\"><\/div><\/div><div class=\"fg-item fg-type-image fg-idle\"><figure class=\"fg-item-inner\"><a href=\"https:\/\/www.petzkolophonium.com\/shop\/lng\/en\/moser-patent-mechanism-new-2pcs.html\" target=\"_blank\" data-attachment-id=\"1821\" class=\"fg-thumb\"><span class=\"fg-image-wrap\"><img width=\"250\" height=\"250\" class=\"skip-lazy fg-image\" data-src-fg=\"https:\/\/pk.at\/wp-content\/uploads\/MPMN3_EN.jpg\" src=\"data:image\/svg+xml,%3Csvg%20xmlns%3D%22http%3A%2F%2Fwww.w3.org%2F2000%2Fsvg%22%20width%3D%22250%22%20height%3D%22250%22%20viewBox%3D%220%200%20250%20250%22%3E%3C%2Fsvg%3E\" loading=\"eager\"><\/span><span class=\"fg-image-overlay\"><\/span><\/a><figcaption class=\"fg-caption\"><div class=\"fg-caption-inner\"><\/div><\/figcaption><\/figure><div class=\"fg-loader\"><\/div><\/div><div class=\"fg-item fg-type-image fg-idle\"><figure class=\"fg-item-inner\"><a href=\"https:\/\/www.petzkolophonium.com\/shop\/lng\/en\/moser-patent-mechanism-new-2pcs.html\" target=\"_blank\" data-attachment-id=\"1817\" class=\"fg-thumb\"><span class=\"fg-image-wrap\"><img width=\"250\" height=\"250\" class=\"skip-lazy fg-image\" data-src-fg=\"https:\/\/pk.at\/wp-content\/uploads\/MPMN1_EN.jpg\" src=\"data:image\/svg+xml,%3Csvg%20xmlns%3D%22http%3A%2F%2Fwww.w3.org%2F2000%2Fsvg%22%20width%3D%22250%22%20height%3D%22250%22%20viewBox%3D%220%200%20250%20250%22%3E%3C%2Fsvg%3E\" loading=\"eager\"><\/span><span class=\"fg-image-overlay\"><\/span><\/a><figcaption class=\"fg-caption\"><div class=\"fg-caption-inner\"><\/div><\/figcaption><\/figure><div class=\"fg-loader\"><\/div><\/div><\/div>\r\n\n<p><span style=\"font-size: 14pt;\"><strong><br \/>\nSillet du bas ajustable <\/strong><b>(HVU)<br \/>\n<\/b><\/span><\/p>\n<p><span style=\"font-size: 14pt;\">Gr\u00e2ce au sillet du bas ajustable, l\u2019utilisation de diff\u00e9rents types de cordes et des charges sur la table exigeant des tensions des cordes diff\u00e9rentes ne pose plus aucun probl\u00e8me.<\/span><\/p>\n<p><span style=\"font-size: 14pt;\">La barre semi-circulaire permet d\u2019ajuster tr\u00e8s facilement l\u2019angle des cordes aux exigences de votre instrument.<\/span><\/p>\n<p><span style=\"font-size: 14pt;\">La m\u00e9canique Moser brevet\u00e9e est un outil tr\u00e8s pratique pour proc\u00e9der au r\u00e9ajustement fr\u00e9quemment n\u00e9cessaire de la hauteur des cordes (la couleur peut varier).<\/span><\/p>\n<style type=\"text\/css\">\r\n\t#foogallery-gallery-1830 .fg-image {\r\n        width: 250px;\r\n    }\r\n<\/style>\r\n\t\t\t\t<div class=\"foogallery foogallery-container foogallery-default foogallery-lightbox-foobox fg-gutter-10 fg-left fg-default fg-light fg-border-thin fg-round-small fg-shadow-outline fg-loading-default fg-loaded-fade-in fg-caption-hover fg-hover-fade fg-hover-external fg-light-overlays fg-ready\" id=\"foogallery-gallery-1830\" data-foogallery=\"{&quot;item&quot;:{&quot;showCaptionTitle&quot;:true,&quot;showCaptionDescription&quot;:true},&quot;lazy&quot;:true}\" >\r\n\t<div class=\"fg-item fg-type-image fg-idle\"><figure class=\"fg-item-inner\"><a href=\"https:\/\/www.petzkolophonium.com\/shop\/lng\/en\/moser-height-adjustable-saddle.html\" target=\"_blank\" data-attachment-id=\"1820\" class=\"fg-thumb\"><span class=\"fg-image-wrap\"><img width=\"250\" height=\"250\" class=\"skip-lazy fg-image\" data-src-fg=\"https:\/\/pk.at\/wp-content\/uploads\/HVU_1_EN.jpg\" src=\"data:image\/svg+xml,%3Csvg%20xmlns%3D%22http%3A%2F%2Fwww.w3.org%2F2000%2Fsvg%22%20width%3D%22250%22%20height%3D%22250%22%20viewBox%3D%220%200%20250%20250%22%3E%3C%2Fsvg%3E\" loading=\"eager\"><\/span><span class=\"fg-image-overlay\"><\/span><\/a><figcaption class=\"fg-caption\"><div class=\"fg-caption-inner\"><\/div><\/figcaption><\/figure><div class=\"fg-loader\"><\/div><\/div><div class=\"fg-item fg-type-image fg-idle\"><figure class=\"fg-item-inner\"><a href=\"https:\/\/www.petzkolophonium.com\/shop\/lng\/en\/moser-height-adjustable-saddle.html\" target=\"_blank\" data-attachment-id=\"1819\" class=\"fg-thumb\"><span class=\"fg-image-wrap\"><img width=\"250\" height=\"250\" class=\"skip-lazy fg-image\" data-src-fg=\"https:\/\/pk.at\/wp-content\/uploads\/HVU_2_EN.jpg\" src=\"data:image\/svg+xml,%3Csvg%20xmlns%3D%22http%3A%2F%2Fwww.w3.org%2F2000%2Fsvg%22%20width%3D%22250%22%20height%3D%22250%22%20viewBox%3D%220%200%20250%20250%22%3E%3C%2Fsvg%3E\" loading=\"eager\"><\/span><span class=\"fg-image-overlay\"><\/span><\/a><figcaption class=\"fg-caption\"><div class=\"fg-caption-inner\"><\/div><\/figcaption><\/figure><div class=\"fg-loader\"><\/div><\/div><\/div>\r\n\n<p>&nbsp;<\/p>\n<p><span style=\"font-size: 14pt;\"><strong>Moser Flex cordier pour contrebasse (MFT)<\/strong><\/span><\/p>\n<p><span style=\"font-size: 14pt;\">Le grand nombre de longueurs de cordes permet d\u2019obtenir des images sonores diff\u00e9renci\u00e9es et diff\u00e9rents volumes sonores adapt\u00e9s \u00e0 la corde.<\/span><\/p>\n<p><span style=\"font-size: 14pt;\">En outre, ce dispositif permet d\u2019\u00e9viter les sons de loup pour la plupart des basses.<\/span><\/p>\n<style type=\"text\/css\">\r\n\t#foogallery-gallery-1831 .fg-image {\r\n        width: 250px;\r\n    }\r\n<\/style>\r\n\t\t\t\t<div class=\"foogallery foogallery-container foogallery-default foogallery-lightbox-foobox fg-gutter-10 fg-left fg-default fg-light fg-border-thin fg-round-small fg-shadow-outline fg-loading-default fg-loaded-fade-in fg-caption-hover fg-hover-fade fg-hover-external fg-light-overlays fg-ready\" id=\"foogallery-gallery-1831\" data-foogallery=\"{&quot;item&quot;:{&quot;showCaptionTitle&quot;:true,&quot;showCaptionDescription&quot;:true},&quot;lazy&quot;:true}\" >\r\n\t<div class=\"fg-item fg-type-image fg-idle\"><figure class=\"fg-item-inner\"><a href=\"https:\/\/www.petzkolophonium.com\/shop\/lng\/en\/moser-flex-tailpiece-bass.html\" target=\"_blank\" data-attachment-id=\"1818\" class=\"fg-thumb\"><span class=\"fg-image-wrap\"><img width=\"250\" height=\"250\" class=\"skip-lazy fg-image\" data-src-fg=\"https:\/\/pk.at\/wp-content\/uploads\/MFT_EN.jpg\" src=\"data:image\/svg+xml,%3Csvg%20xmlns%3D%22http%3A%2F%2Fwww.w3.org%2F2000%2Fsvg%22%20width%3D%22250%22%20height%3D%22250%22%20viewBox%3D%220%200%20250%20250%22%3E%3C%2Fsvg%3E\" loading=\"eager\"><\/span><span class=\"fg-image-overlay\"><\/span><\/a><figcaption class=\"fg-caption\"><div class=\"fg-caption-inner\"><\/div><\/figcaption><\/figure><div class=\"fg-loader\"><\/div><\/div><\/div>\r\n\n<p>&nbsp;<\/p>\n<p><span style=\"font-size: 14pt;\"><strong>Moser anti-rouleur <\/strong><strong>(MWT)<\/strong><\/span><\/p>\n<p><span style=\"font-size: 14pt;\">Disponible pour violoncelle et contrebasse. Montage facile.<\/span><\/p>\n<p><a href=\"https:\/\/www.petzkolophonium.com\/shop\/lng\/en\/accessories\/wolftone\/moser\/\"><img decoding=\"async\" loading=\"lazy\" class=\"alignnone wp-image-1832\" src=\"https:\/\/petzkolophonium.com\/wp-content\/uploads\/MWT20_EN.jpg\" alt=\"\" width=\"135\" height=\"126\" srcset=\"https:\/\/pk.at\/wp-content\/uploads\/MWT20_EN.jpg 234w, https:\/\/pk.at\/wp-content\/uploads\/MWT20_EN-24x22.jpg 24w, https:\/\/pk.at\/wp-content\/uploads\/MWT20_EN-36x34.jpg 36w, https:\/\/pk.at\/wp-content\/uploads\/MWT20_EN-48x45.jpg 48w\" sizes=\"(max-width: 135px) 100vw, 135px\" \/><\/a><\/p>\n","protected":false},"excerpt":{"rendered":"<h2><img decoding=\"async\" loading=\"lazy\" class=\"alignnone wp-image-613 size-medium\" src=\"https:\/\/petzkolophonium.com\/wp-content\/uploads\/2019\/05\/MSI_Logo-300x74.jpg\" alt=\"\" width=\"300\" height=\"74\" srcset=\"https:\/\/pk.at\/wp-content\/uploads\/2019\/05\/MSI_Logo-300x74.jpg 300w, https:\/\/pk.at\/wp-content\/uploads\/2019\/05\/MSI_Logo-768x189.jpg 768w, https:\/\/pk.at\/wp-content\/uploads\/2019\/05\/MSI_Logo-1024x252.jpg 1024w, https:\/\/pk.at\/wp-content\/uploads\/2019\/05\/MSI_Logo-24x6.jpg 24w, https:\/\/pk.at\/wp-content\/uploads\/2019\/05\/MSI_Logo-36x9.jpg 36w, https:\/\/pk.at\/wp-content\/uploads\/2019\/05\/MSI_Logo-48x12.jpg 48w, https:\/\/pk.at\/wp-content\/uploads\/2019\/05\/MSI_Logo.jpg 250w\" sizes=\"(max-width: 300px) 100vw, 300px\" \/><\/h2>\n<p><iframe loading=\"lazy\" src=\"\/\/www.youtube.com\/embed\/x_6Li0US3YA\" width=\"560\" height=\"315\" fr...\n<\/p>\n","protected":false},"author":3,"featured_media":0,"parent":0,"menu_order":0,"comment_status":"closed","ping_status":"closed","template":"","meta":{"footnotes":""},"_links":{"self":[{"href":"https:\/\/pk.at\/fr_FR\/wp-json\/wp\/v2\/pages\/520"}],"collection":[{"href":"https:\/\/pk.at\/fr_FR\/wp-json\/wp\/v2\/pages"}],"about":[{"href":"https:\/\/pk.at\/fr_FR\/wp-json\/wp\/v2\/types\/page"}],"author":[{"embeddable":true,"href":"https:\/\/pk.at\/fr_FR\/wp-json\/wp\/v2\/users\/3"}],"replies":[{"embeddable":true,"href":"https:\/\/pk.at\/fr_FR\/wp-json\/wp\/v2\/comments?post=520"}],"version-history":[{"count":110,"href":"https:\/\/pk.at\/fr_FR\/wp-json\/wp\/v2\/pages\/520\/revisions"}],"predecessor-version":[{"id":3082,"href":"https:\/\/pk.at\/fr_FR\/wp-json\/wp\/v2\/pages\/520\/revisions\/3082"}],"wp:attachment":[{"href":"https:\/\/pk.at\/fr_FR\/wp-json\/wp\/v2\/media?parent=520"}],"curies":[{"name":"wp","href":"https:\/\/api.w.org\/{rel}","templated":true}]}}