{"id":33,"date":"2015-10-20T13:02:48","date_gmt":"2015-10-20T11:02:48","guid":{"rendered":"http:\/\/petzkolophonium.com\/?page_id=33"},"modified":"2022-09-15T11:12:03","modified_gmt":"2022-09-15T09:12:03","slug":"saiten","status":"publish","type":"page","link":"https:\/\/pk.at\/fr_FR\/saiten","title":{"rendered":"Cordes"},"content":{"rendered":"<p><span style=\"font-size: 16pt;\">Notre assortiment comporte des cordes pour instruments \u00e0 cordes frott\u00e9es de toutes les marques renomm\u00e9es et dans toutes les tailles et \u00e9paisseurs disponibles.<\/span> <span style=\"font-size: 16pt;\">Gr\u00e2ce \u00e0 des coop\u00e9rations de longue date et des volumes d&#8217;achat \u00e9lev\u00e9s, nous sommes en mesure de pratiquer des prix comp\u00e9titifs.<\/span><\/p>\n<style type=\"text\/css\">\r\n\t#foogallery-gallery-1540 .fg-image {\r\n        width: 250px;\r\n    }\r\n<\/style>\r\n\t\t\t\t<div class=\"foogallery foogallery-container foogallery-default foogallery-lightbox-foobox fg-gutter-10 fg-center fg-default fg-light fg-border-thin fg-round-small fg-shadow-outline fg-loading-default fg-loaded-fade-in fg-caption-hover fg-hover-fade fg-hover-external fg-light-overlays fg-ready\" id=\"foogallery-gallery-1540\" data-foogallery=\"{&quot;item&quot;:{&quot;showCaptionTitle&quot;:true,&quot;showCaptionDescription&quot;:true},&quot;lazy&quot;:true}\" >\r\n\t<div class=\"fg-item fg-type-image fg-idle\"><figure class=\"fg-item-inner\"><a href=\"https:\/\/www.petzkolophonium.com\/shop\/lng\/en\/strings\/violin\/thomastik-infeld\/\" target=\"_blank\" data-attachment-id=\"1213\" class=\"fg-thumb\"><span class=\"fg-image-wrap\"><img width=\"250\" height=\"250\" class=\"skip-lazy fg-image\" data-src-fg=\"https:\/\/pk.at\/wp-content\/uploads\/2020\/06\/Thomastik_Infeld_Logo1.jpg\" src=\"data:image\/svg+xml,%3Csvg%20xmlns%3D%22http%3A%2F%2Fwww.w3.org%2F2000%2Fsvg%22%20width%3D%22250%22%20height%3D%22250%22%20viewBox%3D%220%200%20250%20250%22%3E%3C%2Fsvg%3E\" loading=\"eager\"><\/span><span class=\"fg-image-overlay\"><\/span><\/a><figcaption class=\"fg-caption\"><div class=\"fg-caption-inner\"><\/div><\/figcaption><\/figure><div class=\"fg-loader\"><\/div><\/div><div class=\"fg-item fg-type-image fg-idle\"><figure class=\"fg-item-inner\"><a href=\"https:\/\/www.petzkolophonium.com\/shop\/lng\/en\/strings\/violin\/daddario\/\" target=\"_blank\" data-attachment-id=\"1207\" class=\"fg-thumb\"><span class=\"fg-image-wrap\"><img width=\"250\" height=\"250\" class=\"skip-lazy fg-image\" data-src-fg=\"https:\/\/pk.at\/wp-content\/uploads\/2020\/06\/Daddario_logo.jpg\" src=\"data:image\/svg+xml,%3Csvg%20xmlns%3D%22http%3A%2F%2Fwww.w3.org%2F2000%2Fsvg%22%20width%3D%22250%22%20height%3D%22250%22%20viewBox%3D%220%200%20250%20250%22%3E%3C%2Fsvg%3E\" loading=\"eager\"><\/span><span class=\"fg-image-overlay\"><\/span><\/a><figcaption class=\"fg-caption\"><div class=\"fg-caption-inner\"><\/div><\/figcaption><\/figure><div class=\"fg-loader\"><\/div><\/div><div class=\"fg-item fg-type-image fg-idle\"><figure class=\"fg-item-inner\"><a href=\"https:\/\/www.petzkolophonium.com\/shop\/lng\/en\/strings\/violin\/pirastro\/\" target=\"_blank\" data-attachment-id=\"1212\" class=\"fg-thumb\"><span class=\"fg-image-wrap\"><img width=\"250\" height=\"250\" class=\"skip-lazy fg-image\" data-src-fg=\"https:\/\/pk.at\/wp-content\/uploads\/2020\/06\/pirastro_logo.jpg\" src=\"data:image\/svg+xml,%3Csvg%20xmlns%3D%22http%3A%2F%2Fwww.w3.org%2F2000%2Fsvg%22%20width%3D%22250%22%20height%3D%22250%22%20viewBox%3D%220%200%20250%20250%22%3E%3C%2Fsvg%3E\" loading=\"eager\"><\/span><span class=\"fg-image-overlay\"><\/span><\/a><figcaption class=\"fg-caption\"><div class=\"fg-caption-inner\"><\/div><\/figcaption><\/figure><div class=\"fg-loader\"><\/div><\/div><div class=\"fg-item fg-type-image fg-idle\"><figure class=\"fg-item-inner\"><a href=\"https:\/\/www.petzkolophonium.com\/shop\/lng\/en\/strings\/violin\/larsen\/\" target=\"_blank\" data-attachment-id=\"729\" class=\"fg-thumb\"><span class=\"fg-image-wrap\"><img width=\"250\" height=\"250\" class=\"skip-lazy fg-image\" data-src-fg=\"https:\/\/pk.at\/wp-content\/uploads\/2019\/06\/LarsenLogo-e1594198282479.jpg\" src=\"data:image\/svg+xml,%3Csvg%20xmlns%3D%22http%3A%2F%2Fwww.w3.org%2F2000%2Fsvg%22%20width%3D%22250%22%20height%3D%22250%22%20viewBox%3D%220%200%20250%20250%22%3E%3C%2Fsvg%3E\" loading=\"eager\"><\/span><span class=\"fg-image-overlay\"><\/span><\/a><figcaption class=\"fg-caption\"><div class=\"fg-caption-inner\"><\/div><\/figcaption><\/figure><div class=\"fg-loader\"><\/div><\/div><div class=\"fg-item fg-type-image fg-idle\"><figure class=\"fg-item-inner\"><a href=\"https:\/\/www.petzkolophonium.com\/shop\/lng\/en\/strings\/violin\/jargar\/\" target=\"_blank\" data-attachment-id=\"1209\" class=\"fg-thumb\"><span class=\"fg-image-wrap\"><img width=\"250\" height=\"250\" class=\"skip-lazy fg-image\" data-src-fg=\"https:\/\/pk.at\/wp-content\/uploads\/2020\/06\/jargar-logo.jpg\" src=\"data:image\/svg+xml,%3Csvg%20xmlns%3D%22http%3A%2F%2Fwww.w3.org%2F2000%2Fsvg%22%20width%3D%22250%22%20height%3D%22250%22%20viewBox%3D%220%200%20250%20250%22%3E%3C%2Fsvg%3E\" loading=\"eager\"><\/span><span class=\"fg-image-overlay\"><\/span><\/a><figcaption class=\"fg-caption\"><div class=\"fg-caption-inner\"><\/div><\/figcaption><\/figure><div class=\"fg-loader\"><\/div><\/div><div class=\"fg-item fg-type-image fg-idle\"><figure class=\"fg-item-inner\"><a href=\"https:\/\/www.petzkolophonium.com\/shop\/lng\/en\/strings\/violin\/kaplan\/\" target=\"_blank\" data-attachment-id=\"732\" class=\"fg-thumb\"><span class=\"fg-image-wrap\"><img width=\"250\" height=\"250\" class=\"skip-lazy fg-image\" data-src-fg=\"https:\/\/pk.at\/wp-content\/uploads\/cache\/2019\/06\/KA310_Kaplan_Amo\/3595890256.jpg\" src=\"data:image\/svg+xml,%3Csvg%20xmlns%3D%22http%3A%2F%2Fwww.w3.org%2F2000%2Fsvg%22%20width%3D%22250%22%20height%3D%22250%22%20viewBox%3D%220%200%20250%20250%22%3E%3C%2Fsvg%3E\" loading=\"eager\"><\/span><span class=\"fg-image-overlay\"><\/span><\/a><figcaption class=\"fg-caption\"><div class=\"fg-caption-inner\"><\/div><\/figcaption><\/figure><div class=\"fg-loader\"><\/div><\/div><div class=\"fg-item fg-type-image fg-idle\"><figure class=\"fg-item-inner\"><a href=\"https:\/\/www.petzkolophonium.com\/shop\/lng\/en\/strings\/violin\/corelli\/\" target=\"_blank\" data-attachment-id=\"733\" class=\"fg-thumb\"><span class=\"fg-image-wrap\"><img width=\"250\" height=\"250\" class=\"skip-lazy fg-image\" data-src-fg=\"https:\/\/pk.at\/wp-content\/uploads\/2019\/06\/CorelliSavarezLogo-e1594194774278.jpg\" src=\"data:image\/svg+xml,%3Csvg%20xmlns%3D%22http%3A%2F%2Fwww.w3.org%2F2000%2Fsvg%22%20width%3D%22250%22%20height%3D%22250%22%20viewBox%3D%220%200%20250%20250%22%3E%3C%2Fsvg%3E\" loading=\"eager\"><\/span><span class=\"fg-image-overlay\"><\/span><\/a><figcaption class=\"fg-caption\"><div class=\"fg-caption-inner\"><\/div><\/figcaption><\/figure><div class=\"fg-loader\"><\/div><\/div><div class=\"fg-item fg-type-image fg-idle\"><figure class=\"fg-item-inner\"><a href=\"https:\/\/www.petzkolophonium.com\/shop\/lng\/en\/strings\/violin\/warchal\/\" data-attachment-id=\"734\" class=\"fg-thumb\"><span class=\"fg-image-wrap\"><img width=\"250\" height=\"250\" class=\"skip-lazy fg-image\" data-src-fg=\"https:\/\/pk.at\/wp-content\/uploads\/2019\/06\/warchal_logo.jpg\" src=\"data:image\/svg+xml,%3Csvg%20xmlns%3D%22http%3A%2F%2Fwww.w3.org%2F2000%2Fsvg%22%20width%3D%22250%22%20height%3D%22250%22%20viewBox%3D%220%200%20250%20250%22%3E%3C%2Fsvg%3E\" loading=\"eager\"><\/span><span class=\"fg-image-overlay\"><\/span><\/a><figcaption class=\"fg-caption\"><div class=\"fg-caption-inner\"><\/div><\/figcaption><\/figure><div class=\"fg-loader\"><\/div><\/div><div class=\"fg-item fg-type-image fg-idle\"><figure class=\"fg-item-inner\"><a href=\"https:\/\/www.petzkolophonium.com\/shop\/lng\/en\/strings\/violin\/optima\/\" target=\"_blank\" data-attachment-id=\"778\" class=\"fg-thumb\"><span class=\"fg-image-wrap\"><img width=\"250\" height=\"250\" class=\"skip-lazy fg-image\" data-src-fg=\"https:\/\/pk.at\/wp-content\/uploads\/2019\/06\/Optima_Logo_web.jpg\" src=\"data:image\/svg+xml,%3Csvg%20xmlns%3D%22http%3A%2F%2Fwww.w3.org%2F2000%2Fsvg%22%20width%3D%22250%22%20height%3D%22250%22%20viewBox%3D%220%200%20250%20250%22%3E%3C%2Fsvg%3E\" loading=\"eager\"><\/span><span class=\"fg-image-overlay\"><\/span><\/a><figcaption class=\"fg-caption\"><div class=\"fg-caption-inner\"><\/div><\/figcaption><\/figure><div class=\"fg-loader\"><\/div><\/div><div class=\"fg-item fg-type-image fg-idle\"><figure class=\"fg-item-inner\"><a href=\"https:\/\/www.petzkolophonium.com\/shop\/lng\/en\/strings\/violin\/hill\/\" target=\"_blank\" data-attachment-id=\"736\" class=\"fg-thumb\"><span class=\"fg-image-wrap\"><img width=\"250\" height=\"250\" class=\"skip-lazy fg-image\" data-src-fg=\"https:\/\/pk.at\/wp-content\/uploads\/cache\/2019\/06\/HillLogo-300x300\/2193825705.jpg\" src=\"data:image\/svg+xml,%3Csvg%20xmlns%3D%22http%3A%2F%2Fwww.w3.org%2F2000%2Fsvg%22%20width%3D%22250%22%20height%3D%22250%22%20viewBox%3D%220%200%20250%20250%22%3E%3C%2Fsvg%3E\" loading=\"eager\"><\/span><span class=\"fg-image-overlay\"><\/span><\/a><figcaption class=\"fg-caption\"><div class=\"fg-caption-inner\"><\/div><\/figcaption><\/figure><div class=\"fg-loader\"><\/div><\/div><div class=\"fg-item fg-type-image fg-idle\"><figure class=\"fg-item-inner\"><a href=\"https:\/\/www.petzkolophonium.com\/shop\/lng\/en\/strings\/cello\/weidler\/\" target=\"_blank\" data-attachment-id=\"738\" class=\"fg-thumb\"><span class=\"fg-image-wrap\"><img width=\"250\" height=\"250\" class=\"skip-lazy fg-image\" data-src-fg=\"https:\/\/pk.at\/wp-content\/uploads\/cache\/2019\/06\/piatti-e1561459704755\/3637456791.jpg\" src=\"data:image\/svg+xml,%3Csvg%20xmlns%3D%22http%3A%2F%2Fwww.w3.org%2F2000%2Fsvg%22%20width%3D%22250%22%20height%3D%22250%22%20viewBox%3D%220%200%20250%20250%22%3E%3C%2Fsvg%3E\" loading=\"eager\"><\/span><span class=\"fg-image-overlay\"><\/span><\/a><figcaption class=\"fg-caption\"><div class=\"fg-caption-inner\"><\/div><\/figcaption><\/figure><div class=\"fg-loader\"><\/div><\/div><div class=\"fg-item fg-type-image fg-idle\"><figure class=\"fg-item-inner\"><a href=\"https:\/\/www.petzkolophonium.com\/shop\/lng\/en\/strings\/violin\/westminster\/\" target=\"_blank\" data-attachment-id=\"776\" class=\"fg-thumb\"><span class=\"fg-image-wrap\"><img width=\"250\" height=\"250\" class=\"skip-lazy fg-image\" data-src-fg=\"https:\/\/pk.at\/wp-content\/uploads\/cache\/2019\/06\/Westminster_web\/1738284819.jpg\" src=\"data:image\/svg+xml,%3Csvg%20xmlns%3D%22http%3A%2F%2Fwww.w3.org%2F2000%2Fsvg%22%20width%3D%22250%22%20height%3D%22250%22%20viewBox%3D%220%200%20250%20250%22%3E%3C%2Fsvg%3E\" loading=\"eager\"><\/span><span class=\"fg-image-overlay\"><\/span><\/a><figcaption class=\"fg-caption\"><div class=\"fg-caption-inner\"><\/div><\/figcaption><\/figure><div class=\"fg-loader\"><\/div><\/div><div class=\"fg-item fg-type-image fg-idle\"><figure class=\"fg-item-inner\"><a href=\"https:\/\/www.petzkolophonium.com\/shop\/lng\/en\/strings\/violin\/for-tune\/\" target=\"_blank\" data-attachment-id=\"3237\" class=\"fg-thumb\"><span class=\"fg-image-wrap\"><img width=\"250\" height=\"250\" class=\"skip-lazy fg-image\" data-src-fg=\"https:\/\/pk.at\/wp-content\/uploads\/For-Tune_logo-e1695024263957.jpg\" src=\"data:image\/svg+xml,%3Csvg%20xmlns%3D%22http%3A%2F%2Fwww.w3.org%2F2000%2Fsvg%22%20width%3D%22250%22%20height%3D%22250%22%20viewBox%3D%220%200%20250%20250%22%3E%3C%2Fsvg%3E\" loading=\"eager\"><\/span><span class=\"fg-image-overlay\"><\/span><\/a><figcaption class=\"fg-caption\"><div class=\"fg-caption-inner\"><\/div><\/figcaption><\/figure><div class=\"fg-loader\"><\/div><\/div><\/div>\r\n\n","protected":false},"excerpt":{"rendered":"<p><span style=\"font-size: 16pt;\">Notre assortiment comporte des cordes pour instruments \u00e0 cordes frott\u00e9es de toutes les marques renomm\u00e9es et dans toutes les tailles et \u00e9paisseurs disponibles.<\/span> <span style=\"font-size: 16pt;\">Gr\u00e2ce \u00e0 des coop\u00e9ra&#8230;<\/p>\n","protected":false},"author":3,"featured_media":0,"parent":0,"menu_order":0,"comment_status":"closed","ping_status":"closed","template":"","meta":{"footnotes":""},"_links":{"self":[{"href":"https:\/\/pk.at\/fr_FR\/wp-json\/wp\/v2\/pages\/33"}],"collection":[{"href":"https:\/\/pk.at\/fr_FR\/wp-json\/wp\/v2\/pages"}],"about":[{"href":"https:\/\/pk.at\/fr_FR\/wp-json\/wp\/v2\/types\/page"}],"author":[{"embeddable":true,"href":"https:\/\/pk.at\/fr_FR\/wp-json\/wp\/v2\/users\/3"}],"replies":[{"embeddable":true,"href":"https:\/\/pk.at\/fr_FR\/wp-json\/wp\/v2\/comments?post=33"}],"version-history":[{"count":61,"href":"https:\/\/pk.at\/fr_FR\/wp-json\/wp\/v2\/pages\/33\/revisions"}],"predecessor-version":[{"id":3236,"href":"https:\/\/pk.at\/fr_FR\/wp-json\/wp\/v2\/pages\/33\/revisions\/3236"}],"wp:attachment":[{"href":"https:\/\/pk.at\/fr_FR\/wp-json\/wp\/v2\/media?parent=33"}],"curies":[{"name":"wp","href":"https:\/\/api.w.org\/{rel}","templated":true}]}}