{"id":21,"date":"2015-10-20T12:56:43","date_gmt":"2015-10-20T10:56:43","guid":{"rendered":"http:\/\/petzkolophonium.com\/?page_id=21"},"modified":"2022-09-15T11:09:22","modified_gmt":"2022-09-15T09:09:22","slug":"instrumente","status":"publish","type":"page","link":"https:\/\/pk.at\/fr_FR\/instrumente","title":{"rendered":"Instruments de musique"},"content":{"rendered":"<div class=\"csc-header csc-header-n1\">\n<style type=\"text\/css\">\r\n\t#foogallery-gallery-1509 .fg-image {\r\n        width: 200px;\r\n    }\r\n<\/style>\r\n\t\t\t\t<div class=\"foogallery foogallery-container foogallery-default foogallery-lightbox-foobox fg-gutter-10 fg-center fg-default fg-light fg-border-thin fg-round-small fg-shadow-outline fg-loading-default fg-loaded-fade-in fg-caption-hover fg-hover-fade fg-hover-zoom fg-ready\" id=\"foogallery-gallery-1509\" data-foogallery=\"{&quot;item&quot;:{&quot;showCaptionTitle&quot;:true,&quot;showCaptionDescription&quot;:true},&quot;lazy&quot;:true}\" >\r\n\t<div class=\"fg-item fg-type-image fg-idle\"><figure class=\"fg-item-inner\"><a href=\"https:\/\/www.petzkolophonium.com\/shop\/lng\/en\/instruments\/cello\/cello-without-setup\/cello-romanian-german-spirit-varnish-628.html\" target=\"_blank\" data-attachment-id=\"1042\" class=\"fg-thumb\"><span class=\"fg-image-wrap\"><img width=\"200\" height=\"200\" class=\"skip-lazy fg-image\" data-src-fg=\"https:\/\/pk.at\/wp-content\/uploads\/cache\/2020\/04\/TC64S1_front\/866445759.jpg\" src=\"data:image\/svg+xml,%3Csvg%20xmlns%3D%22http%3A%2F%2Fwww.w3.org%2F2000%2Fsvg%22%20width%3D%22200%22%20height%3D%22200%22%20viewBox%3D%220%200%20200%20200%22%3E%3C%2Fsvg%3E\" loading=\"eager\"><\/span><span class=\"fg-image-overlay\"><\/span><\/a><figcaption class=\"fg-caption\"><div class=\"fg-caption-inner\"><\/div><\/figcaption><\/figure><div class=\"fg-loader\"><\/div><\/div><div class=\"fg-item fg-type-image fg-idle\"><figure class=\"fg-item-inner\"><a href=\"https:\/\/www.petzkolophonium.com\/shop\/lng\/en\/strunal-solist-double-bass-flat-back.html\" target=\"_blank\" data-attachment-id=\"1044\" class=\"fg-thumb\"><span class=\"fg-image-wrap\"><img width=\"200\" height=\"200\" class=\"skip-lazy fg-image\" data-src-fg=\"https:\/\/pk.at\/wp-content\/uploads\/cache\/2020\/04\/STAB_3_4\/2790532667.jpg\" src=\"data:image\/svg+xml,%3Csvg%20xmlns%3D%22http%3A%2F%2Fwww.w3.org%2F2000%2Fsvg%22%20width%3D%22200%22%20height%3D%22200%22%20viewBox%3D%220%200%20200%20200%22%3E%3C%2Fsvg%3E\" loading=\"eager\"><\/span><span class=\"fg-image-overlay\"><\/span><\/a><figcaption class=\"fg-caption\"><div class=\"fg-caption-inner\"><\/div><\/figcaption><\/figure><div class=\"fg-loader\"><\/div><\/div><div class=\"fg-item fg-type-image fg-idle\"><figure class=\"fg-item-inner\"><a href=\"https:\/\/www.petzkolophonium.com\/shop\/lng\/en\/european-viola-white.html\" target=\"_blank\" data-attachment-id=\"1050\" class=\"https:\/\/www.petzkolophonium.com\/shop\/europaeische-viola-weiss.html fg-thumb\"><span class=\"fg-image-wrap\"><img width=\"200\" height=\"200\" class=\"skip-lazy fg-image\" data-src-fg=\"https:\/\/pk.at\/wp-content\/uploads\/cache\/2020\/04\/AVA20-380\/4185504506.jpg\" src=\"data:image\/svg+xml,%3Csvg%20xmlns%3D%22http%3A%2F%2Fwww.w3.org%2F2000%2Fsvg%22%20width%3D%22200%22%20height%3D%22200%22%20viewBox%3D%220%200%20200%20200%22%3E%3C%2Fsvg%3E\" loading=\"eager\"><\/span><span class=\"fg-image-overlay\"><\/span><\/a><figcaption class=\"fg-caption\"><div class=\"fg-caption-inner\"><\/div><\/figcaption><\/figure><div class=\"fg-loader\"><\/div><\/div><\/div>\r\n\n<\/div>\n<div class=\"csc-textpic csc-textpic-right csc-textpic-below csc-textpic-equalheight\">\n<div class=\"csc-textpic-text\">\n<p><span style=\"font-size: 16pt;\"><br \/>\nNous proposons un grand choix de violons, d\u2019altos, de violoncelles et de contrebasses, \u00e0 l\u2019exception d\u2019instruments historiques et d\u2019instruments de ma\u00eetre de fabrication r\u00e9cente d\u2019origine europ\u00e9enne (ce domaine devrait \u00eatre r\u00e9serv\u00e9 aux luthiers exp\u00e9riment\u00e9s). En Europe, nous achetons les instruments exclusivement aupr\u00e8s de petites entreprises ayant leur si\u00e8ge notamment en Roumanie et en R\u00e9publique tch\u00e8que.<\/span><\/p>\n<p><span style=\"font-size: 16pt;\">Cela nous permet d\u2019assumer l\u2019enti\u00e8re responsabilit\u00e9 de la qualit\u00e9 de fabrication, de l\u2019origine et de la dur\u00e9e de stockage du bois de r\u00e9sonance et, le cas \u00e9ch\u00e9ant, de satisfaire aux souhaits particuliers de nos clients.<\/span><\/p>\n<p><span style=\"font-size: 16pt;\">De m\u00eame, nos produits semi-finis, du manche \u00e0 l\u2019instrument en blanc presque fini mais bien s\u00fbr non verni, proviennent uniquement d\u2019ateliers europ\u00e9ens.<\/span><\/p>\n<p><span style=\"font-size: 16pt;\">Nous proposons \u00e9galement un petit nombre d\u2019instruments fabriqu\u00e9s en Chine. Ils sont fabriqu\u00e9s par des ma\u00eetres luthiers tr\u00e8s exp\u00e9riment\u00e9s et renomm\u00e9s. La plupart d\u2019entre eux ont suivi une formation et des \u00e9tudes approfondies en Europe ou aux \u00c9tats-Unis et exercent aujourd\u2019hui leur m\u00e9tier au plus haut niveau dans leur pays.<\/span><\/p>\n<h4><span style=\"font-size: 16pt;\"><a href=\"https:\/\/www.petzkolophonium.com\/shop\/lng\/en\/instruments\/violin\/violin-without-setup\/violin-made-in-small-master-workshops-not-ready-to-play.html\" target=\"_blank\" rel=\"noopener noreferrer\"><img decoding=\"async\" loading=\"lazy\" class=\"alignleft wp-image-1052\" src=\"https:\/\/petzkolophonium.com\/wp-content\/uploads\/2020\/04\/NS30K_front-170x300.jpg\" alt=\"Model Kreisler\" width=\"126\" height=\"223\" srcset=\"https:\/\/pk.at\/wp-content\/uploads\/2020\/04\/NS30K_front-170x300.jpg 170w, https:\/\/pk.at\/wp-content\/uploads\/2020\/04\/NS30K_front-582x1024.jpg 582w, https:\/\/pk.at\/wp-content\/uploads\/2020\/04\/NS30K_front-768x1352.jpg 768w, https:\/\/pk.at\/wp-content\/uploads\/2020\/04\/NS30K_front-872x1536.jpg 872w, https:\/\/pk.at\/wp-content\/uploads\/2020\/04\/NS30K_front-14x24.jpg 14w, https:\/\/pk.at\/wp-content\/uploads\/2020\/04\/NS30K_front-20x36.jpg 20w, https:\/\/pk.at\/wp-content\/uploads\/2020\/04\/NS30K_front-27x48.jpg 27w, https:\/\/pk.at\/wp-content\/uploads\/2020\/04\/NS30K_front.jpg 898w\" sizes=\"(max-width: 126px) 100vw, 126px\" \/><\/a><\/span><\/h4>\n<p><span style=\"font-size: 16pt;\">Mod\u00e8le Kreisler: \u00a0 <\/span><\/p>\n<p><span style=\"font-size: 16pt;\">Nos instruments \u00e0 cordes destin\u00e9s aux \u00e9l\u00e8ves et aux musiciens amateurs sont fabriqu\u00e9s \u00e0 la main, mais par plusieurs personnes selon le principe de la division du travail. Bien entendu, ces instruments sont fabriqu\u00e9s en bois massif, mais avec des accessoires et des vernis diff\u00e9rents\u00a0; nous avons toujours un grand choix en stock, du violon 1\/16 \u00e0 la contrebasse 4\/4.<\/span><\/p>\n<p>&nbsp;<\/p>\n<\/div>\n<\/div>\n<div class=\"csc-textpic csc-textpic-right csc-textpic-below csc-textpic-equalheight\">\n<div class=\"csc-textpic-text\"><span style=\"font-size: 16pt;\"><em><a href=\"https:\/\/www.petzkolophonium.com\/shop\/lng\/en\/instruments\/violin\/violin-without-setup\/petz-violin-yb60-not-ready-to-play.html\" target=\"_blank\" rel=\"noopener noreferrer\"><img decoding=\"async\" loading=\"lazy\" class=\"alignleft wp-image-1274\" src=\"https:\/\/petzkolophonium.com\/wp-content\/uploads\/2020\/06\/SPYB60-108x300.jpg\" alt=\"\" width=\"108\" height=\"300\" srcset=\"https:\/\/pk.at\/wp-content\/uploads\/2020\/06\/SPYB60-108x300.jpg 108w, https:\/\/pk.at\/wp-content\/uploads\/2020\/06\/SPYB60-369x1024.jpg 369w, https:\/\/pk.at\/wp-content\/uploads\/2020\/06\/SPYB60-768x2130.jpg 768w, https:\/\/pk.at\/wp-content\/uploads\/2020\/06\/SPYB60-554x1536.jpg 554w, https:\/\/pk.at\/wp-content\/uploads\/2020\/06\/SPYB60-738x2048.jpg 738w, https:\/\/pk.at\/wp-content\/uploads\/2020\/06\/SPYB60-9x24.jpg 9w, https:\/\/pk.at\/wp-content\/uploads\/2020\/06\/SPYB60-13x36.jpg 13w, https:\/\/pk.at\/wp-content\/uploads\/2020\/06\/SPYB60-17x48.jpg 17w, https:\/\/pk.at\/wp-content\/uploads\/2020\/06\/SPYB60.jpg 800w\" sizes=\"(max-width: 108px) 100vw, 108px\" \/><\/a><\/em><\/span><\/div>\n<\/div>\n<div><\/div>\n<div class=\"csc-textpic csc-textpic-right csc-textpic-below csc-textpic-equalheight\">\n<div><\/div>\n<div class=\"csc-textpic-text\"><span style=\"font-size: 16pt;\"><em>G60 Violon:<\/p>\n<p><\/em> <\/span><\/div>\n<div class=\"csc-textpic-text\"><span style=\"font-size: 16pt;\">Notre luthier contr\u00f4le tous les instruments\u00a0et les ajuste si n\u00e9cessaire.<\/span><\/div>\n<\/div>\n<div class=\"csc-textpic csc-textpic-right csc-textpic-below csc-textpic-equalheight\">\n<div class=\"csc-textpic-text\"><\/div>\n<\/div>\n","protected":false},"excerpt":{"rendered":"<div class=\"csc-header csc-header-n1\">\n[foogallery id=\"1509\"]\n<\/div>\n<div class=\"csc-textpic csc-textpic-right csc-textpic-below csc-textpic-equalheight\">\n<div class=\"csc-textpic-text\">\n<p><span style=\"font-size: 16pt;\"><br \/>\nNous proposons un gr&#8230;<\/p>\n","protected":false},"author":3,"featured_media":0,"parent":0,"menu_order":0,"comment_status":"closed","ping_status":"closed","template":"","meta":{"footnotes":""},"_links":{"self":[{"href":"https:\/\/pk.at\/fr_FR\/wp-json\/wp\/v2\/pages\/21"}],"collection":[{"href":"https:\/\/pk.at\/fr_FR\/wp-json\/wp\/v2\/pages"}],"about":[{"href":"https:\/\/pk.at\/fr_FR\/wp-json\/wp\/v2\/types\/page"}],"author":[{"embeddable":true,"href":"https:\/\/pk.at\/fr_FR\/wp-json\/wp\/v2\/users\/3"}],"replies":[{"embeddable":true,"href":"https:\/\/pk.at\/fr_FR\/wp-json\/wp\/v2\/comments?post=21"}],"version-history":[{"count":270,"href":"https:\/\/pk.at\/fr_FR\/wp-json\/wp\/v2\/pages\/21\/revisions"}],"predecessor-version":[{"id":3032,"href":"https:\/\/pk.at\/fr_FR\/wp-json\/wp\/v2\/pages\/21\/revisions\/3032"}],"wp:attachment":[{"href":"https:\/\/pk.at\/fr_FR\/wp-json\/wp\/v2\/media?parent=21"}],"curies":[{"name":"wp","href":"https:\/\/api.w.org\/{rel}","templated":true}]}}