{"id":30,"date":"2015-10-20T13:01:18","date_gmt":"2015-10-20T11:01:18","guid":{"rendered":"http:\/\/petzkolophonium.com\/?page_id=30"},"modified":"2022-09-15T10:41:40","modified_gmt":"2022-09-15T08:41:40","slug":"etuis-und-huellen","status":"publish","type":"page","link":"https:\/\/pk.at\/en_GB\/etuis-und-huellen","title":{"rendered":"Cases and Bags"},"content":{"rendered":"<p><span style=\"font-size: 16pt;\">Nous vendons des \u00e9tuis pour violons, altos, violoncelles et contrebasses\u00a0!<\/span><\/p>\n<p><span style=\"font-size: 16pt;\">Des \u00e9tuis italiens <em>Musafia<\/em> de grande qualit\u00e9, des \u00e9tuis <em>Negri<\/em> fabriqu\u00e9s en Espagne, des \u00e9tuis en cuir luxueux de GL ainsi que des \u00e9tuis en carbone, en fibre de verre et en mousse dure pour violon ou alto constituent un assortiment bien \u00e9toff\u00e9 pour tous les go\u00fbts et tous les porte-monnaie.<\/span><\/p>\n<p><span style=\"font-size: 16pt;\">Les \u00e9tuis pour violoncelle en stock sont disponibles en plusieurs qualit\u00e9s\u00a0: fibre de carbone ultral\u00e9ger, coques multicouches en construction sandwich et mousse dure.<\/span><\/p>\n<p><span style=\"font-size: 16pt;\">Pour les \u00e9tuis de base, nous recommandons des \u00e9tuis en ABS ou en fibre de verre composite.<\/span><\/p>\n<p><a href=\"https:\/\/www.petzkolophonium.com\/shop\/lng\/en\/cases-bags\/musafia\/\" target=\"_blank\" rel=\"noopener noreferrer\"><img decoding=\"async\" loading=\"lazy\" class=\"alignnone wp-image-783\" src=\"https:\/\/petzkolophonium.com\/wp-content\/uploads\/2019\/06\/MusafiaLogo-300x141.jpg\" alt=\"\" width=\"273\" height=\"128\" srcset=\"https:\/\/pk.at\/wp-content\/uploads\/2019\/06\/MusafiaLogo-300x141.jpg 300w, https:\/\/pk.at\/wp-content\/uploads\/2019\/06\/MusafiaLogo-768x361.jpg 768w, https:\/\/pk.at\/wp-content\/uploads\/2019\/06\/MusafiaLogo-24x11.jpg 24w, https:\/\/pk.at\/wp-content\/uploads\/2019\/06\/MusafiaLogo-36x17.jpg 36w, https:\/\/pk.at\/wp-content\/uploads\/2019\/06\/MusafiaLogo-48x23.jpg 48w, https:\/\/pk.at\/wp-content\/uploads\/2019\/06\/MusafiaLogo.jpg 954w\" sizes=\"(max-width: 273px) 100vw, 273px\" \/><\/a><a href=\"https:\/\/www.petzkolophonium.com\/shop\/lng\/en\/cases-bags\/negri\/\" target=\"_blank\" rel=\"noopener noreferrer\"><img decoding=\"async\" loading=\"lazy\" class=\"wp-image-786 alignnone\" src=\"https:\/\/petzkolophonium.com\/wp-content\/uploads\/2019\/06\/Negri_logo-300x141.jpg\" alt=\"\" width=\"294\" height=\"138\" srcset=\"https:\/\/pk.at\/wp-content\/uploads\/2019\/06\/Negri_logo-300x141.jpg 300w, https:\/\/pk.at\/wp-content\/uploads\/2019\/06\/Negri_logo-768x361.jpg 768w, https:\/\/pk.at\/wp-content\/uploads\/2019\/06\/Negri_logo-24x11.jpg 24w, https:\/\/pk.at\/wp-content\/uploads\/2019\/06\/Negri_logo-36x17.jpg 36w, https:\/\/pk.at\/wp-content\/uploads\/2019\/06\/Negri_logo-48x23.jpg 48w, https:\/\/pk.at\/wp-content\/uploads\/2019\/06\/Negri_logo.jpg 954w\" sizes=\"(max-width: 294px) 100vw, 294px\" \/><\/a><a href=\"https:\/\/www.petzkolophonium.com\/shop\/lng\/en\/cases-bags\/gl-cases\/\" target=\"_blank\" rel=\"noopener noreferrer\"><img decoding=\"async\" loading=\"lazy\" class=\"wp-image-787 alignnone\" src=\"https:\/\/petzkolophonium.com\/wp-content\/uploads\/2019\/06\/GL_cases-300x141.jpg\" alt=\"\" width=\"266\" height=\"125\" srcset=\"https:\/\/pk.at\/wp-content\/uploads\/2019\/06\/GL_cases-300x141.jpg 300w, https:\/\/pk.at\/wp-content\/uploads\/2019\/06\/GL_cases-768x361.jpg 768w, https:\/\/pk.at\/wp-content\/uploads\/2019\/06\/GL_cases-24x11.jpg 24w, https:\/\/pk.at\/wp-content\/uploads\/2019\/06\/GL_cases-36x17.jpg 36w, https:\/\/pk.at\/wp-content\/uploads\/2019\/06\/GL_cases-48x23.jpg 48w, https:\/\/pk.at\/wp-content\/uploads\/2019\/06\/GL_cases.jpg 954w\" sizes=\"(max-width: 266px) 100vw, 266px\" \/><\/a><a href=\"https:\/\/www.petzkolophonium.com\/shop\/lng\/en\/cases-bags\/violin\/\"><img decoding=\"async\" loading=\"lazy\" class=\"alignnone size-full wp-image-749\" src=\"https:\/\/petzkolophonium.com\/wp-content\/uploads\/2019\/06\/Aileen_logo.jpg\" alt=\"\" width=\"276\" height=\"106\" \/><\/a><\/p>\n<p><span style=\"font-size: 16pt;\">Les housses pour violoncelles et contrebasses se diff\u00e9rencient par les crit\u00e8res suivants\u00a0: \u00e9paisseur du rembourrage en mousse, confort de port, renforcements pour prot\u00e9ger l\u2019instrument et pr\u00e9sence ou non de roulettes.<\/span><\/p>\n<p>The covers for cellos and double basses differ in the thickness of the foam padding, the wearing comfort, the reinforcements to protect the instrument and whether wheels are installed. <a href=\"https:\/\/www.petzkolophonium.com\/shop\/lng\/en\/cello-case-extra-light-colour-meteor-shower-design.html\" target=\"_blank\" rel=\"noopener noreferrer\"><img decoding=\"async\" loading=\"lazy\" class=\"size-medium wp-image-983 alignleft\" src=\"https:\/\/petzkolophonium.com\/wp-content\/uploads\/2020\/04\/CSC69_1-118x300.jpg\" alt=\"\" width=\"118\" height=\"300\" srcset=\"https:\/\/pk.at\/wp-content\/uploads\/2020\/04\/CSC69_1-118x300.jpg 118w, https:\/\/pk.at\/wp-content\/uploads\/2020\/04\/CSC69_1-403x1024.jpg 403w, https:\/\/pk.at\/wp-content\/uploads\/2020\/04\/CSC69_1-9x24.jpg 9w, https:\/\/pk.at\/wp-content\/uploads\/2020\/04\/CSC69_1-14x36.jpg 14w, https:\/\/pk.at\/wp-content\/uploads\/2020\/04\/CSC69_1-19x48.jpg 19w, https:\/\/pk.at\/wp-content\/uploads\/2020\/04\/CSC69_1.jpg 569w\" sizes=\"(max-width: 118px) 100vw, 118px\" \/><img decoding=\"async\" loading=\"lazy\" class=\"size-medium wp-image-982 alignleft\" src=\"https:\/\/petzkolophonium.com\/wp-content\/uploads\/2020\/04\/CSC69_6-200x300.jpg\" alt=\"\" width=\"200\" height=\"300\" srcset=\"https:\/\/pk.at\/wp-content\/uploads\/2020\/04\/CSC69_6-200x300.jpg 200w, https:\/\/pk.at\/wp-content\/uploads\/2020\/04\/CSC69_6-683x1024.jpg 683w, https:\/\/pk.at\/wp-content\/uploads\/2020\/04\/CSC69_6-768x1152.jpg 768w, https:\/\/pk.at\/wp-content\/uploads\/2020\/04\/CSC69_6-16x24.jpg 16w, https:\/\/pk.at\/wp-content\/uploads\/2020\/04\/CSC69_6-24x36.jpg 24w, https:\/\/pk.at\/wp-content\/uploads\/2020\/04\/CSC69_6-32x48.jpg 32w, https:\/\/pk.at\/wp-content\/uploads\/2020\/04\/CSC69_6.jpg 800w\" sizes=\"(max-width: 200px) 100vw, 200px\" \/><\/a> Our Petz double bass bag with integrated (removable) trolley is unique. <a href=\"https:\/\/www.petzkolophonium.com\/shop\/lng\/en\/cases-bags\/bass\/petz-bassbag-with-trolley-removable.html\" target=\"_blank\" rel=\"noopener noreferrer\"><img decoding=\"async\" loading=\"lazy\" class=\"wp-image-754 aligncenter\" src=\"https:\/\/petzkolophonium.com\/wp-content\/uploads\/2019\/06\/PBT_front-139x300.jpg\" alt=\"\" width=\"280\" height=\"605\" srcset=\"https:\/\/pk.at\/wp-content\/uploads\/2019\/06\/PBT_front-139x300.jpg 139w, https:\/\/pk.at\/wp-content\/uploads\/2019\/06\/PBT_front-474x1024.jpg 474w, https:\/\/pk.at\/wp-content\/uploads\/2019\/06\/PBT_front-11x24.jpg 11w, https:\/\/pk.at\/wp-content\/uploads\/2019\/06\/PBT_front-17x36.jpg 17w, https:\/\/pk.at\/wp-content\/uploads\/2019\/06\/PBT_front-22x48.jpg 22w, https:\/\/pk.at\/wp-content\/uploads\/2019\/06\/PBT_front.jpg 728w\" sizes=\"(max-width: 280px) 100vw, 280px\" \/><\/a> Of course, we also supply accessories such as\u00a0Fiedler carrying systems, KCNC bass buggies, covers for violin cases and spare parts. <a href=\"https:\/\/www.petzkolophonium.com\/shop\/lng\/en\/petz-bag-for-violin-case-20mm-foam-padding-7257.html\" target=\"_blank\" rel=\"noopener noreferrer\"><img decoding=\"async\" loading=\"lazy\" class=\"size-medium wp-image-753 alignnone\" src=\"https:\/\/petzkolophonium.com\/wp-content\/uploads\/2019\/06\/AVRM21-300x137.jpg\" alt=\"\" width=\"300\" height=\"137\" srcset=\"https:\/\/pk.at\/wp-content\/uploads\/2019\/06\/AVRM21-300x137.jpg 300w, https:\/\/pk.at\/wp-content\/uploads\/2019\/06\/AVRM21-768x350.jpg 768w, https:\/\/pk.at\/wp-content\/uploads\/2019\/06\/AVRM21-1024x466.jpg 1024w, https:\/\/pk.at\/wp-content\/uploads\/2019\/06\/AVRM21-24x11.jpg 24w, https:\/\/pk.at\/wp-content\/uploads\/2019\/06\/AVRM21-36x16.jpg 36w, https:\/\/pk.at\/wp-content\/uploads\/2019\/06\/AVRM21-48x22.jpg 48w, https:\/\/pk.at\/wp-content\/uploads\/2019\/06\/AVRM21.jpg 1382w\" sizes=\"(max-width: 300px) 100vw, 300px\" \/><\/a><a href=\"https:\/\/www.petzkolophonium.com\/shop\/lng\/en\/petz-bag-for-violin-case-20mm-foam-padding-7257.html\" target=\"_blank\" rel=\"noopener noreferrer\"><img decoding=\"async\" loading=\"lazy\" class=\"size-medium wp-image-969 alignnone\" src=\"https:\/\/petzkolophonium.com\/wp-content\/uploads\/2020\/04\/PVRB_5-144x300.jpg\" alt=\"\" width=\"144\" height=\"300\" srcset=\"https:\/\/pk.at\/wp-content\/uploads\/2020\/04\/PVRB_5-144x300.jpg 144w, https:\/\/pk.at\/wp-content\/uploads\/2020\/04\/PVRB_5-490x1024.jpg 490w, https:\/\/pk.at\/wp-content\/uploads\/2020\/04\/PVRB_5-11x24.jpg 11w, https:\/\/pk.at\/wp-content\/uploads\/2020\/04\/PVRB_5-17x36.jpg 17w, https:\/\/pk.at\/wp-content\/uploads\/2020\/04\/PVRB_5-23x48.jpg 23w, https:\/\/pk.at\/wp-content\/uploads\/2020\/04\/PVRB_5.jpg 622w\" sizes=\"(max-width: 144px) 100vw, 144px\" \/><\/a> <a href=\"https:\/\/www.petzkolophonium.com\/shop\/lng\/en\/petz-bag-for-violin-case-20mm-foam-padding-7257.html\" target=\"_blank\" rel=\"noopener noreferrer\"><img decoding=\"async\" loading=\"lazy\" class=\"size-medium wp-image-970 alignnone\" src=\"https:\/\/petzkolophonium.com\/wp-content\/uploads\/2020\/04\/PVRB_1-300x132.jpg\" alt=\"\" width=\"300\" height=\"132\" srcset=\"https:\/\/pk.at\/wp-content\/uploads\/2020\/04\/PVRB_1-300x132.jpg 300w, https:\/\/pk.at\/wp-content\/uploads\/2020\/04\/PVRB_1-1024x450.jpg 1024w, https:\/\/pk.at\/wp-content\/uploads\/2020\/04\/PVRB_1-768x337.jpg 768w, https:\/\/pk.at\/wp-content\/uploads\/2020\/04\/PVRB_1-24x11.jpg 24w, https:\/\/pk.at\/wp-content\/uploads\/2020\/04\/PVRB_1-36x16.jpg 36w, https:\/\/pk.at\/wp-content\/uploads\/2020\/04\/PVRB_1-48x21.jpg 48w, https:\/\/pk.at\/wp-content\/uploads\/2020\/04\/PVRB_1.jpg 1136w\" sizes=\"(max-width: 300px) 100vw, 300px\" \/><\/a> <a href=\"https:\/\/www.petzkolophonium.com\/shop\/lng\/en\/kcnc-double-bass-buggie.html\" target=\"_blank\" rel=\"noopener noreferrer\"><img decoding=\"async\" loading=\"lazy\" class=\"alignnone wp-image-967\" src=\"https:\/\/petzkolophonium.com\/wp-content\/uploads\/2020\/04\/Buggie-with-bass-side-9561-109x300.jpg\" alt=\"\" width=\"223\" height=\"614\" srcset=\"https:\/\/pk.at\/wp-content\/uploads\/2020\/04\/Buggie-with-bass-side-9561-109x300.jpg 109w, https:\/\/pk.at\/wp-content\/uploads\/2020\/04\/Buggie-with-bass-side-9561-9x24.jpg 9w, https:\/\/pk.at\/wp-content\/uploads\/2020\/04\/Buggie-with-bass-side-9561-13x36.jpg 13w, https:\/\/pk.at\/wp-content\/uploads\/2020\/04\/Buggie-with-bass-side-9561-17x48.jpg 17w, https:\/\/pk.at\/wp-content\/uploads\/2020\/04\/Buggie-with-bass-side-9561.jpg 300w\" sizes=\"(max-width: 223px) 100vw, 223px\" \/><img decoding=\"async\" loading=\"lazy\" class=\"alignnone size-full wp-image-966\" src=\"https:\/\/petzkolophonium.com\/wp-content\/uploads\/2020\/04\/KBB_bass_buggie.png\" alt=\"\" width=\"300\" height=\"196\" srcset=\"https:\/\/pk.at\/wp-content\/uploads\/2020\/04\/KBB_bass_buggie.png 300w, https:\/\/pk.at\/wp-content\/uploads\/2020\/04\/KBB_bass_buggie-24x16.png 24w, https:\/\/pk.at\/wp-content\/uploads\/2020\/04\/KBB_bass_buggie-36x24.png 36w, https:\/\/pk.at\/wp-content\/uploads\/2020\/04\/KBB_bass_buggie-48x31.png 48w\" sizes=\"(max-width: 300px) 100vw, 300px\" \/><\/a>\u00a0 <a href=\"https:\/\/www.petzkolophonium.com\/shop\/lng\/en\/fiedler-cello-backpack-system-with-cushion.html\" target=\"_blank\" rel=\"noopener noreferrer\"><img decoding=\"async\" loading=\"lazy\" class=\"alignnone size-medium wp-image-968\" src=\"https:\/\/petzkolophonium.com\/wp-content\/uploads\/2020\/04\/Fiedler-backpack-straps-151x300.jpg\" alt=\"\" width=\"151\" height=\"300\" srcset=\"https:\/\/pk.at\/wp-content\/uploads\/2020\/04\/Fiedler-backpack-straps-151x300.jpg 151w, https:\/\/pk.at\/wp-content\/uploads\/2020\/04\/Fiedler-backpack-straps-514x1024.jpg 514w, https:\/\/pk.at\/wp-content\/uploads\/2020\/04\/Fiedler-backpack-straps-768x1530.jpg 768w, https:\/\/pk.at\/wp-content\/uploads\/2020\/04\/Fiedler-backpack-straps-771x1536.jpg 771w, https:\/\/pk.at\/wp-content\/uploads\/2020\/04\/Fiedler-backpack-straps-1028x2048.jpg 1028w, https:\/\/pk.at\/wp-content\/uploads\/2020\/04\/Fiedler-backpack-straps-12x24.jpg 12w, https:\/\/pk.at\/wp-content\/uploads\/2020\/04\/Fiedler-backpack-straps-18x36.jpg 18w, https:\/\/pk.at\/wp-content\/uploads\/2020\/04\/Fiedler-backpack-straps-24x48.jpg 24w, https:\/\/pk.at\/wp-content\/uploads\/2020\/04\/Fiedler-backpack-straps-scaled.jpg 1285w\" sizes=\"(max-width: 151px) 100vw, 151px\" \/><\/a><\/p>\n","protected":false},"excerpt":{"rendered":"<p><span style=\"font-size: 16pt;\">Nous vendons des \u00e9tuis pour violons, altos, violoncelles et contrebasses\u00a0!<\/span><\/p>\n<p><span style=\"font-size: 16pt;\">Des \u00e9tuis italiens <em>Musafia<\/em> de grande qualit\u00e9, des \u00e9tuis <em>Negri<\/em> fabriqu\u00e9s en Espa&#8230;<\/p>\n","protected":false},"author":3,"featured_media":0,"parent":0,"menu_order":0,"comment_status":"closed","ping_status":"closed","template":"","meta":{"footnotes":""},"_links":{"self":[{"href":"https:\/\/pk.at\/en_GB\/wp-json\/wp\/v2\/pages\/30"}],"collection":[{"href":"https:\/\/pk.at\/en_GB\/wp-json\/wp\/v2\/pages"}],"about":[{"href":"https:\/\/pk.at\/en_GB\/wp-json\/wp\/v2\/types\/page"}],"author":[{"embeddable":true,"href":"https:\/\/pk.at\/en_GB\/wp-json\/wp\/v2\/users\/3"}],"replies":[{"embeddable":true,"href":"https:\/\/pk.at\/en_GB\/wp-json\/wp\/v2\/comments?post=30"}],"version-history":[{"count":116,"href":"https:\/\/pk.at\/en_GB\/wp-json\/wp\/v2\/pages\/30\/revisions"}],"predecessor-version":[{"id":2798,"href":"https:\/\/pk.at\/en_GB\/wp-json\/wp\/v2\/pages\/30\/revisions\/2798"}],"wp:attachment":[{"href":"https:\/\/pk.at\/en_GB\/wp-json\/wp\/v2\/media?parent=30"}],"curies":[{"name":"wp","href":"https:\/\/api.w.org\/{rel}","templated":true}]}}