{"id":137,"date":"2015-10-22T10:02:42","date_gmt":"2015-10-22T08:02:42","guid":{"rendered":"http:\/\/petzkolophonium.com\/ueber-uns\/impressum-agb"},"modified":"2022-09-20T08:57:17","modified_gmt":"2022-09-20T06:57:17","slug":"impressum-agb","status":"publish","type":"page","link":"https:\/\/pk.at\/en_GB\/ueber-uns\/impressum-agb","title":{"rendered":"Imprint - Terms"},"content":{"rendered":"<p><span style=\"color: #27693a;\"><strong>PetzVienna GmbH<\/strong><em><br \/>Managing partners<br \/>Beate Stepanek, Rudolf K\u00f6gl<\/em><\/span><\/p>\n<p><span style=\"color: #27693a;\">Quellenstrasse 2A<\/span><br \/><span style=\"color: #27693a;\">1100 Wien\u00a0\u00a0 AUSTRIA<\/span><br \/><span style=\"color: #27693a;\">phone\u00a0 +431 8892047<\/span><br \/><span style=\"color: #27693a;\">fax\u00a0\u00a0\u00a0\u00a0\u00a0 \u00a0 +431 889204740<\/span><\/p>\n<p><span style=\"color: #27693a;\">e-mail: petz@pk.at<a class=\"mail\" style=\"color: #27693a;\" title=\"\u00d6ffnet ein Fenster zum Versenden der E-Mail\"><br \/><\/a>Internet: www.pk.at<\/span><br \/><u><\/u><span style=\"color: #27693a;\"><em>FN557013m\u00a0\u00a0\u00a0\u00a0\u00a0 ATU76991819<br \/><\/em><em>EORI:\u00a0\u00a0\u00a0\u00a0\u00a0\u00a0 \u00a0\u00a0\u00a0\u00a0\u00a0\u00a0\u00a0\u00a0\u00a0\u00a0 ATEOS1000116010<\/em><\/span><\/p>\n<p><span style=\"color: #27693a;\">Commercial court Vienna\/Austria<\/span><\/p>\n<p><strong>Haftungsausschluss:<\/strong> Alle enthaltenen Informationen wurden mit gr\u00f6\u00dfter Sorgfalt kontrolliert. PetzVienna GmbH kann jedoch nicht f\u00fcr Sch\u00e4den haftbar gemacht werden, die in Zusammenhang mit der Verwendung dieser Inhalte stehen. Trotz sorgf\u00e4ltiger inhaltlicher Kontrolle \u00fcbernehmen wir keine Haftung f\u00fcr die Inhalte externer Links. F\u00fcr den Inhalt der verlinkten Seiten sind ausschlie\u00dflich deren Betreiber verantwortlich.<\/p>\n<p><b><span lang=\"EN-GB\">General Terms and Conditions of <\/span>Sale<span lang=\"EN-GB\"> and Delivery<\/span><\/b><\/p>\n<p><b><span lang=\"EN-GB\">Scope <i>1 <\/i>Offers \/ Side Agreements<\/span><\/b><\/p>\n<p><span lang=\"EN-GB\">The present general terms and Conditions of Sale and Delivery shall apply to all business transactions between the contracting parties, including. without limitation, future business transactions, unless otherwise agreed upon, and they shall have priority over all other condi\u00adtions.<\/span><\/p>\n<p><span lang=\"EN-GB\">The buyer transacts business within the framework of its enterprise and is therefore not a consumer in the sense of the (Austrian) \u201e<i>Konsumen\u00ad<\/i>tenschutzgesetz&#8221; (Consumer Protection Act).<\/span><\/p>\n<p><b><span lang=\"DE\">Delivery and<\/span><\/b><b><span lang=\"EN-GB\"> Shipping<\/span><\/b><\/p>\n<p><span lang=\"EN-GB\">The delivery of our products is subject to the Incoterms, unless other arrangements are made hereinafter. Merchandise will be delivered ex works at the risk and on request of the buyer. We reserve the right to effect deliveries according to our production and delivery capacities, and particularly to divide, postpone or, in justified exceptional cases, to refuse deliveries.<\/span><\/p>\n<p><b><span lang=\"EN-GB\">Prices<\/span><\/b><\/p>\n<p><span lang=\"EN-GB\">Orders will be charged at the guilty list prices. In the absence of any agreement to the contrary, prices are quoted in EURO as net prices, i. e. not including VAT.<\/span><\/p>\n<p><b><span lang=\"EN-GB\">Terms of Payment<\/span><\/b><\/p>\n<p><span lang=\"EN-GB\">Unless otherwise agreed upon in writing, our invoices shall be paid net within 30 days as from the invoice date. If invoices are made out of foreign customers, the term of net payment is 60 days. Our terms of payment do not provide for payment by means of bills of exchange.<\/span><\/p>\n<p><b><span lang=\"EN-GB\">Default in Payment<\/span><\/b><\/p>\n<p><span lang=\"EN-GB\">In the event of default in payment, the customer shall be obligated to pay default interest at a rate of 4 % above the discount rate of the European Central Bank plus turnover tax. If our customers default in payment, we are entitled to postpone any further deliveries until they are adequately settled and\/or to demand payment in cash and\/or advance payment for further delive\u00adries.<\/span><\/p>\n<p><b><span lang=\"EN-GB\">Letters of Credit<\/span><\/b><\/p>\n<p><span lang=\"EN-GB\">lf delivery is made against a L\/C, an irrevocable confirmed L\/C most be opened with a big Austrian bank, not later than 30 days prior to the announced non-binding delivery date, which most be valid for a period of at least thirty days after such delivery date. Drawings under the L\/C<i> <\/i>may only be made against presentation of the shipping papers.<\/span><\/p>\n<p><b><span lang=\"EN-GB\">Pro-forma Invoices<\/span><\/b><\/p>\n<p><span lang=\"EN-GB\">Pro-forma invoices are only made out if the conditions of payment read \u201eadvance payment&#8221; or \u201eletter of credit&#8221;. If payment is delayed or the L\/C is not opened as agreed, the order will be deemed cancelled.<\/span><\/p>\n<p><b><span lang=\"EN-GB\">Retention of Title<\/span><\/b><\/p>\n<p><span lang=\"EN-GB\">We shall retain title to the merchandise delivered until full payment of the purchase price, even if any of the receivables arising from our busi\u00adness relationship in general have not yet been fully settled. Until then we are entitled to reclaim the merchandise from the buyer (customer order\u00ading the merchandise), even if such buyer has used or resold the mer\u00adchandise, in full or in part. If the buyer seIls the merchandise before full payment has been made, it hereby assigns to us any and all amounts due to it from its customer for the merchandise sold and\/or its retention of title to such merchandise with binding effect vis-a-vis third parties. The buyer is not entitled to pledge the merchandise or to assign it by way of security.<\/span><\/p>\n<p><b><span lang=\"EN-GB\">Guarantee, Warranty, Complaint<\/span><\/b><\/p>\n<p><span lang=\"EN-GB\">We shall be notified immediately of any defect of the merchandise delivered. Such notification will be deemed to have been given in due time if we receive a written notice of an apparent defect within eight days after receipt and notice of a hidden defect within eight days after detection, however not later than three months after delivery. If justified objections are made to the quality of the merchandise delivered, we may, at our discretion, credit the buyer with the amount or replace the merchandise free of charge, with the workmanship being as agreed, after the merchandise has been returned to us. We will not accept damage claims, particularly if they are due to late delivery or non-delivery, defective delivery, consequential damage etc. We shall not be liable for any damage to the customer\u00b4s property arising from any defects of our products (exemption according to sec. 9 of the Austrian \u201eProdukthaftungsgesetz\u201c (Product Liability Act).<\/span><\/p>\n<p><b><span lang=\"EN-GB\">Place of performance, Jurisdiction, Austrian Law<\/span><\/b><\/p>\n<p><span lang=\"EN-GB\">The place of performance for all deliveries, payments and other contractual obligations shall be <\/span>Vienna, Austria<span lang=\"EN-GB\">. Any and all disputes arising from or in connection with contracts between us and our customers shall be subject to the exclusive jurisdiction of the competent court of Vienna City Center. However, we are entitled to file suit in the court having jurisdiction over the corporate seat of the respective customer. Any and all contractual relationships shall exclusively be governed by and subject to Austrian Law.<\/span><\/p>\n","protected":false},"excerpt":{"rendered":"<p><span style=\"color: #27693a;\"><strong>PetzVienna GmbH<\/strong><em><br \/>Managing partners<br \/>Beate Stepanek, Rudolf K\u00f6gl<\/em><\/span><\/p>\n<p><span style=\"color: #27693a;\">Quellenstrasse 2A<\/span><br \/><span style=\"color: #27693a;\">1100 Wien\u00a0\u00a0 AUST&#8230;<\/p>\n","protected":false},"author":3,"featured_media":0,"parent":38,"menu_order":2,"comment_status":"closed","ping_status":"closed","template":"","meta":{"footnotes":""},"_links":{"self":[{"href":"https:\/\/pk.at\/en_GB\/wp-json\/wp\/v2\/pages\/137"}],"collection":[{"href":"https:\/\/pk.at\/en_GB\/wp-json\/wp\/v2\/pages"}],"about":[{"href":"https:\/\/pk.at\/en_GB\/wp-json\/wp\/v2\/types\/page"}],"author":[{"embeddable":true,"href":"https:\/\/pk.at\/en_GB\/wp-json\/wp\/v2\/users\/3"}],"replies":[{"embeddable":true,"href":"https:\/\/pk.at\/en_GB\/wp-json\/wp\/v2\/comments?post=137"}],"version-history":[{"count":39,"href":"https:\/\/pk.at\/en_GB\/wp-json\/wp\/v2\/pages\/137\/revisions"}],"predecessor-version":[{"id":2224,"href":"https:\/\/pk.at\/en_GB\/wp-json\/wp\/v2\/pages\/137\/revisions\/2224"}],"up":[{"embeddable":true,"href":"https:\/\/pk.at\/en_GB\/wp-json\/wp\/v2\/pages\/38"}],"wp:attachment":[{"href":"https:\/\/pk.at\/en_GB\/wp-json\/wp\/v2\/media?parent=137"}],"curies":[{"name":"wp","href":"https:\/\/api.w.org\/{rel}","templated":true}]}}