{"id":38,"date":"2015-10-20T13:04:55","date_gmt":"2015-10-20T11:04:55","guid":{"rendered":"http:\/\/petzkolophonium.com\/?page_id=38"},"modified":"2025-08-13T13:39:28","modified_gmt":"2025-08-13T13:39:28","slug":"ueber-uns","status":"publish","type":"page","link":"https:\/\/pk.at\/de_DE\/ueber-uns","title":{"rendered":"\u00dcber uns"},"content":{"rendered":"<p><span style=\"font-size: 16pt;\">PetzKolophonium Vienna wurde 1912 in Wien vom Musiker Ernst Petzka gegr\u00fcndet. Er<\/span><span style=\"font-size: 16pt;\">\u00a0entwickelte eine eigene Rezeptur f\u00fcr sein Kolophonium, da er mit dem damals erh\u00e4ltlichen Geigenharz nicht zufrieden war. \n            <div id=\"square_production_Petz3959209\" class=\"squareDemo squareDemo_production shape box maskImg\" style=\"background: rgb(255, 255, 255) url(&quot;https:\/\/pk.at\/wp-content\/uploads\/Old_Petz_9.jpg&quot;) no-repeat scroll left top \/ 100%; border-color: rgb(185, 184, 184); width: 200px; height: 140px; border-radius: 2px; border-width: 0px;\" dw=\"200\" dh=\"140\">\n                                <span class=\"textArea\" style=\"height: 90px; width: 180px; font-size: 0px; line-height: 0px;\"><\/span>\n\n                <div entrance=\"effect\" id=\"square-lit\" class=\"squareLitDemo shape animated fadeOutLeft\" style=\"height: 140px; width: 200px; top: 0px; background: transparent url(&quot;https:\/\/pk.at\/wp-content\/uploads\/Old_Petz_0.jpg&quot;) no-repeat scroll left top \/ 100%; margin-left: 0px; right: 0px; transform: rotate(0deg); border-radius: 2px;\" in=\"fadeInLeft\" out=\"fadeOutLeft\">\n                    <a class=\"title_2 title_link_out\"><h3 class=\"title\" style=\"transform: rotate(0deg); font-size: 0px;\"><\/h3><\/a>\n                    <hr class=\"divLit\">\n                    <div class=\"textAreaWrapper\" style=\"padding-right: 14px; transform: rotate(0deg);\">\n                                        <span class=\"textArea\" style=\"height: 90px; width: 180px;\">    <\/span>\n                    <\/div>\n                <\/div>\n            <\/div>\n         <\/span> <span style=\"font-size: 16pt;\">Sein \u201ePetz\u201c Kolophonium fand die Anerkennung internationaler Musikerkollegen. <\/span><span style=\"font-size: 16pt;\">Die besondere Qualit\u00e4t des Geigenharzes sichert auch \u00fcber 100 Jahre sp\u00e4ter die Treue und Zufriedenheit von Kunden in mehr als 80 L\u00e4ndern. \n            <div id=\"square_production_Petz28365695\" class=\"squareDemo squareDemo_production shape box maskImg\" style=\"border-radius: 2px; background: transparent url(&quot;https:\/\/pk.at\/wp-content\/uploads\/Old_Petz_4.jpg&quot;) no-repeat scroll left top \/ 100%; border-color: rgb(0, 128, 64); width: 200px; height: 200px; border-width: 0px;\" dw=\"200\" dh=\"200\">\n                                <span class=\"textArea\" style=\"height: 150px; width: 180px;\"><\/span>\n\n                <div entrance=\"effect\" id=\"square-lit\" class=\"squareLitDemo shape animated fadeOutLeft\" style=\"height: 200px; width: 200px; top: 0px; background: transparent url(&quot;https:\/\/pk.at\/wp-content\/uploads\/Old_Petz_5.jpg&quot;) no-repeat scroll left top \/ 100%; margin-left: 0px; right: 0px; transform: rotate(0deg);\" in=\"fadeInLeft\" out=\"fadeOutLeft\">\n                    <a class=\"title_2 title_link_out\"><h3 class=\"title\" style=\"transform: rotate(0deg);\"><\/h3><\/a>\n                    <hr class=\"divLit\">\n                    <div class=\"textAreaWrapper\" style=\"padding-right: 14px; transform: rotate(0deg); margin-top: 7%;\">\n                                        <span class=\"textArea\" style=\"height: 200px; width: 180px;\"><\/span>\n                    <\/div>\n                <\/div>\n            <\/div>\n         <\/span> <span style=\"font-size: 16pt;\">Nach \u00dcbergabe an seinen Sohn und von diesem an einen verdienten Mitarbeiter entwickelte ein Gro\u00dfhandel mit Spezialisierung auf Saiten f\u00fcr Streicher. \n            <div id=\"square_production_Petz36743607\" class=\"squareDemo squareDemo_production shape box maskImg\" style=\"border-radius: 2px; background: transparent url(&quot;https:\/\/pk.at\/wp-content\/uploads\/Old_Petz_8.jpg&quot;) no-repeat scroll left top \/ 100%; border-color: rgb(0, 128, 64); width: 200px; height: 200px; border-width: 0px;\" dw=\"200\" dh=\"200\">\n                                <span class=\"textArea\" style=\"height: 200px; width: 180px;\"><\/span>\n\n                <div entrance=\"effect\" id=\"square-lit\" class=\"squareLitDemo shape animated fadeOutLeft\" style=\"height: 200px; width: 200px; top: 0px; background: transparent url(&quot;https:\/\/pk.at\/wp-content\/uploads\/Old_Petz_3.jpg&quot;) no-repeat scroll left top \/ 100%; margin-left: 0px; right: 0px; transform: rotate(0deg);\" in=\"fadeInLeft\" out=\"fadeOutLeft\">\n                    <a class=\"title_2 title_link_out\"><h3 class=\"title\" style=\"transform: rotate(0deg);\"><\/h3><\/a>\n                    <hr class=\"divLit\">\n                    <div class=\"textAreaWrapper\" style=\"padding-right: 14px; transform: rotate(0deg);\">\n                                        <span class=\"textArea\" style=\"height: 200px; width: 180px;\"><\/span>\n                    <\/div>\n                <\/div>\n            <\/div>\n         <\/span> <span style=\"font-size: 16pt;\">Seit der \u00dcbernahme durch die Familie K\u00f6gl (1995) intensivierten sich die Verbindungen in den asiatischen und amerikanischen Wirtschaftsraum, es entstand ein reger Handel in beiden Richtungen.<\/span> <span style=\"font-size: 16pt;\">Streichinstrumente und Zubeh\u00f6r sowie Werkzeuge f\u00fcr Geigenbauer werden nach Europa importiert und gleichzeitig werden hochwertige europ\u00e4ische Produkte in den asiatischen und amerikanischen Gro\u00dfhandel exportiert.<\/span> <span style=\"font-size: 16pt;\">PetzVienna ist nunmehr die Drehscheibe f\u00fcr Import und Export f\u00fcr die kleine weltweit vernetzte Branche der Geigenbauer und Musikgesch\u00e4fte und den damit besch\u00e4ftigten Gro\u00dfhandel.<\/span> <span style=\"font-size: 16pt;\">Die Spezialisierung auf ein \u00fcbersichtliches Sortiment reduziert Lagerkosten, sorgt f\u00fcr konkurrenzf\u00e4hige Preise und erm\u00f6glicht prompte Lieferung.<\/span> <span style=\"font-size: 16pt;\">Schon der Gr\u00fcnder Ernst Petzka hatte vor mehr als 100 Jahren den Nutzen f\u00fcr seine Musikerkollegen im Sinn und genauso definiert sich auch heute noch die Gesch\u00e4ftspolitik von Petz Vienna:<\/span><\/p>\n<p style=\"text-align: center;\"><em><strong><span style=\"font-size: 16pt;\">schnell ~ fair ~ flexibel<\/span><\/strong><\/em><\/p>\n<p><span style=\"font-size: 16pt;\">Langfristige Gesch\u00e4ftsbeziehungen zum Nutzen und Vorteil von Geigenbauern, Musikgesch\u00e4ften und Gro\u00dfh\u00e4ndlern.<\/span> <span style=\"font-size: 16pt;\">Seit 2017 betreibt Petz Vienna auch einen Onlineshop f\u00fcr Wiederverk\u00e4ufer um den Bestellvorgang \u00fcbersichtlicher und einfacher zu gestalten.<\/span> <span style=\"font-size: 16pt;\">2021 wird das Unternehmen in die \u201ePetz Vienna GmbH\u201c umgewandelt.<\/span> <span style=\"font-size: 16pt;\">Exklusiv vertreiben wir: <\/span> <span style=\"font-size: 16pt;\" data-wp-editing=\"1\"><img decoding=\"async\" loading=\"lazy\" class=\"wp-image-2137 alignleft\" src=\"https:\/\/pk.at\/wp-content\/uploads\/MSI_Logo-1-300x74.jpg\" alt=\"\" width=\"247\" height=\"61\" srcset=\"https:\/\/pk.at\/wp-content\/uploads\/MSI_Logo-1-300x74.jpg 300w, https:\/\/pk.at\/wp-content\/uploads\/MSI_Logo-1-1024x252.jpg 1024w, https:\/\/pk.at\/wp-content\/uploads\/MSI_Logo-1-768x189.jpg 768w, https:\/\/pk.at\/wp-content\/uploads\/MSI_Logo-1-1536x378.jpg 1536w, https:\/\/pk.at\/wp-content\/uploads\/MSI_Logo-1-2048x504.jpg 2048w, https:\/\/pk.at\/wp-content\/uploads\/MSI_Logo-1-24x6.jpg 24w, https:\/\/pk.at\/wp-content\/uploads\/MSI_Logo-1-36x9.jpg 36w, https:\/\/pk.at\/wp-content\/uploads\/MSI_Logo-1-48x12.jpg 48w\" sizes=\"(max-width: 247px) 100vw, 247px\" \/> <\/span><\/p>\n<p style=\"text-align: center;\"><a href=\"https:\/\/shop.pk.at\/zubehoer\/msi-moser-sound-improvement-fuer-kontrabass\/\" target=\"_blank\" rel=\"noopener\"><span style=\"font-size: 16pt;\" data-wp-editing=\"1\">Moser Patent Mechanik f\u00fcr Cello und Kontrabass <\/span><\/a><\/p>\n<p style=\"text-align: center;\"><a href=\"https:\/\/shop.pk.at\/zubehoer\/msi-moser-sound-improvement-fuer-kontrabass\/\" target=\"_blank\" rel=\"noopener\"><span style=\"font-size: 16pt;\" data-wp-editing=\"1\">H\u00f6henverstellbarer Untersattel f\u00fcr Kontrabass<\/span><\/a><\/p>\n<p style=\"text-align: center;\"><a href=\"https:\/\/shop.pk.at\/zubehoer\/msi-moser-sound-improvement-fuer-kontrabass\/\" target=\"_blank\" rel=\"noopener\"><span style=\"font-size: 16pt;\" data-wp-editing=\"1\">Flex Saitenhalter f\u00fcr Kontrabass<\/span><\/a><\/p>\n<p style=\"text-align: center;\"><img decoding=\"async\" loading=\"lazy\" class=\"alignleft wp-image-1741\" src=\"https:\/\/pk.at\/wp-content\/uploads\/Kaiser_logo.jpg\" alt=\"\" width=\"153\" height=\"153\" \/><a href=\"http:\/\/shop.pk.at\/werkzeuge\/kaiser-korkform\/\" target=\"_blank\" rel=\"noopener\"><span style=\"font-size: 16pt;\">\u00a0 <\/span><\/a><\/p>\n<p style=\"text-align: center;\"><a href=\"http:\/\/shop.pk.at\/werkzeuge\/kaiser-korkform\/\" target=\"_blank\" rel=\"noopener\"><span style=\"font-size: 16pt;\">Kaiser Korkformen &#8211; die optimale rutschfeste Bearbeitungshilfe f\u00fcr Geigenbauer<\/span><\/a><\/p>\n<p style=\"text-align: center;\">\u00a0<\/p>\n<p>\u00a0<\/p>\n<p style=\"text-align: center;\"><img decoding=\"async\" loading=\"lazy\" class=\"wp-image-2143 size-medium alignleft\" src=\"https:\/\/pk.at\/wp-content\/uploads\/Nature-Works_Schriftzug-e1625038897960-300x80.jpg\" alt=\"\" width=\"300\" height=\"80\" srcset=\"https:\/\/pk.at\/wp-content\/uploads\/Nature-Works_Schriftzug-e1625038897960-300x80.jpg 300w, https:\/\/pk.at\/wp-content\/uploads\/Nature-Works_Schriftzug-e1625038897960-24x6.jpg 24w, https:\/\/pk.at\/wp-content\/uploads\/Nature-Works_Schriftzug-e1625038897960-36x10.jpg 36w, https:\/\/pk.at\/wp-content\/uploads\/Nature-Works_Schriftzug-e1625038897960-48x13.jpg 48w, https:\/\/pk.at\/wp-content\/uploads\/Nature-Works_Schriftzug-e1625038897960.jpg 703w\" sizes=\"(max-width: 300px) 100vw, 300px\" \/><\/p>\n<p style=\"text-align: center;\"><span style=\"font-size: 16pt;\"><a href=\"http:\/\/shop.pk.at\/zubehoer\/pflegemittel\/nature-works-die-oekologisch-reinigung\/\" target=\"_blank\" rel=\"noopener\">Nature Works &#8211; die \u00f6kologische Pflegeserie f\u00fcr Streichinstrumente<\/a> <\/span><\/p>\n<p><span style=\"font-size: 16pt;\"><img decoding=\"async\" loading=\"lazy\" class=\"wp-image-2098 aligncenter\" src=\"https:\/\/pk.at\/wp-content\/uploads\/Old_Petz_6-300x52.jpg\" alt=\"\" width=\"427\" height=\"74\" srcset=\"https:\/\/pk.at\/wp-content\/uploads\/Old_Petz_6-300x52.jpg 300w, https:\/\/pk.at\/wp-content\/uploads\/Old_Petz_6-1024x179.jpg 1024w, https:\/\/pk.at\/wp-content\/uploads\/Old_Petz_6-768x134.jpg 768w, https:\/\/pk.at\/wp-content\/uploads\/Old_Petz_6-1536x269.jpg 1536w, https:\/\/pk.at\/wp-content\/uploads\/Old_Petz_6-2048x358.jpg 2048w, https:\/\/pk.at\/wp-content\/uploads\/Old_Petz_6-24x4.jpg 24w, https:\/\/pk.at\/wp-content\/uploads\/Old_Petz_6-36x6.jpg 36w, https:\/\/pk.at\/wp-content\/uploads\/Old_Petz_6-48x8.jpg 48w\" sizes=\"(max-width: 427px) 100vw, 427px\" \/><\/span><\/p>\n","protected":false},"excerpt":{"rendered":"<p><span style=\"font-size: 16pt;\">PetzKolophonium Vienna wurde 1912 in Wien vom Musiker Ernst Petzka gegr\u00fcndet. Er<\/span><span style=\"font-size: 16pt;\">\u00a0entwickelte eine eigene Rezeptur f\u00fcr sein Kolophonium, da er mit dem damals erh\u00e4ltlichen Geigenha&#8230;<\/p>\n","protected":false},"author":3,"featured_media":0,"parent":0,"menu_order":0,"comment_status":"closed","ping_status":"closed","template":"","meta":{"footnotes":""},"_links":{"self":[{"href":"https:\/\/pk.at\/de_DE\/wp-json\/wp\/v2\/pages\/38"}],"collection":[{"href":"https:\/\/pk.at\/de_DE\/wp-json\/wp\/v2\/pages"}],"about":[{"href":"https:\/\/pk.at\/de_DE\/wp-json\/wp\/v2\/types\/page"}],"author":[{"embeddable":true,"href":"https:\/\/pk.at\/de_DE\/wp-json\/wp\/v2\/users\/3"}],"replies":[{"embeddable":true,"href":"https:\/\/pk.at\/de_DE\/wp-json\/wp\/v2\/comments?post=38"}],"version-history":[{"count":205,"href":"https:\/\/pk.at\/de_DE\/wp-json\/wp\/v2\/pages\/38\/revisions"}],"predecessor-version":[{"id":3831,"href":"https:\/\/pk.at\/de_DE\/wp-json\/wp\/v2\/pages\/38\/revisions\/3831"}],"wp:attachment":[{"href":"https:\/\/pk.at\/de_DE\/wp-json\/wp\/v2\/media?parent=38"}],"curies":[{"name":"wp","href":"https:\/\/api.w.org\/{rel}","templated":true}]}}