{"id":33,"date":"2015-10-20T13:02:48","date_gmt":"2015-10-20T11:02:48","guid":{"rendered":"http:\/\/petzkolophonium.com\/?page_id=33"},"modified":"2022-09-15T11:12:03","modified_gmt":"2022-09-15T09:12:03","slug":"saiten","status":"publish","type":"page","link":"https:\/\/pk.at\/de_DE\/saiten","title":{"rendered":"Saiten"},"content":{"rendered":"<p style=\"text-align: center;\"><span style=\"font-size: 14pt; color: #747474;\">Wir f\u00fchren alle renommierten Saitenmarken f\u00fcr Streichinstrumente.<\/span> <span style=\"font-size: 14pt; color: #747474;\">&#8211; \u00a0in allen verf\u00fcgbaren Gr\u00f6\u00dfen und St\u00e4rken.<\/span><\/p>\n<p style=\"text-align: center;\"><span style=\"font-size: 14pt; color: #747474;\">Langj\u00e4hrige Kooperationen und hohe Abnahmemengen erm\u00f6glichen uns konkurrenzf\u00e4hige Fachhandelspreise.<\/span><\/p>\n<style type=\"text\/css\">\r\n\t#foogallery-gallery-1548 .fg-image {\r\n        width: 250px;\r\n    }\r\n<\/style>\r\n\t\t\t\t<div class=\"foogallery foogallery-container foogallery-default foogallery-lightbox-foobox fg-gutter-10 fg-center fg-default fg-light fg-border-thin fg-round-small fg-shadow-outline fg-loading-default fg-loaded-fade-in fg-caption-hover fg-hover-fade fg-hover-external fg-light-overlays fg-ready\" id=\"foogallery-gallery-1548\" data-foogallery=\"{&quot;item&quot;:{&quot;showCaptionTitle&quot;:true,&quot;showCaptionDescription&quot;:true},&quot;lazy&quot;:true}\" >\r\n\t<div class=\"fg-item fg-type-image fg-idle\"><figure class=\"fg-item-inner\"><a href=\"https:\/\/www.petzkolophonium.com\/shop\/saiten\/violine\/thomastik-infeld\/\" target=\"_blank\" data-attachment-id=\"1562\" class=\"fg-thumb\"><span class=\"fg-image-wrap\"><img width=\"250\" height=\"250\" class=\"skip-lazy fg-image\" data-src-fg=\"https:\/\/pk.at\/wp-content\/uploads\/2020\/08\/Thomastik_Infeld_EN.jpg\" src=\"data:image\/svg+xml,%3Csvg%20xmlns%3D%22http%3A%2F%2Fwww.w3.org%2F2000%2Fsvg%22%20width%3D%22250%22%20height%3D%22250%22%20viewBox%3D%220%200%20250%20250%22%3E%3C%2Fsvg%3E\" loading=\"eager\"><\/span><span class=\"fg-image-overlay\"><\/span><\/a><figcaption class=\"fg-caption\"><div class=\"fg-caption-inner\"><\/div><\/figcaption><\/figure><div class=\"fg-loader\"><\/div><\/div><div class=\"fg-item fg-type-image fg-idle\"><figure class=\"fg-item-inner\"><a href=\"https:\/\/www.petzkolophonium.com\/shop\/saiten\/violine\/daddario\/\" target=\"_blank\" data-attachment-id=\"1553\" class=\"fg-thumb\"><span class=\"fg-image-wrap\"><img width=\"250\" height=\"250\" class=\"skip-lazy fg-image\" data-src-fg=\"https:\/\/pk.at\/wp-content\/uploads\/2020\/08\/DAddario_EN.jpg\" src=\"data:image\/svg+xml,%3Csvg%20xmlns%3D%22http%3A%2F%2Fwww.w3.org%2F2000%2Fsvg%22%20width%3D%22250%22%20height%3D%22250%22%20viewBox%3D%220%200%20250%20250%22%3E%3C%2Fsvg%3E\" loading=\"eager\"><\/span><span class=\"fg-image-overlay\"><\/span><\/a><figcaption class=\"fg-caption\"><div class=\"fg-caption-inner\"><\/div><\/figcaption><\/figure><div class=\"fg-loader\"><\/div><\/div><div class=\"fg-item fg-type-image fg-idle\"><figure class=\"fg-item-inner\"><a href=\"https:\/\/www.petzkolophonium.com\/shop\/saiten\/violine\/pirastro\/\" target=\"_blank\" data-attachment-id=\"1560\" class=\"fg-thumb\"><span class=\"fg-image-wrap\"><img width=\"250\" height=\"250\" class=\"skip-lazy fg-image\" data-src-fg=\"https:\/\/pk.at\/wp-content\/uploads\/2020\/08\/Pirastro_EN.jpg\" src=\"data:image\/svg+xml,%3Csvg%20xmlns%3D%22http%3A%2F%2Fwww.w3.org%2F2000%2Fsvg%22%20width%3D%22250%22%20height%3D%22250%22%20viewBox%3D%220%200%20250%20250%22%3E%3C%2Fsvg%3E\" loading=\"eager\"><\/span><span class=\"fg-image-overlay\"><\/span><\/a><figcaption class=\"fg-caption\"><div class=\"fg-caption-inner\"><\/div><\/figcaption><\/figure><div class=\"fg-loader\"><\/div><\/div><div class=\"fg-item fg-type-image fg-idle\"><figure class=\"fg-item-inner\"><a href=\"https:\/\/www.petzkolophonium.com\/shop\/saiten\/violine\/larsen\/\" target=\"_blank\" data-attachment-id=\"1557\" class=\"fg-thumb\"><span class=\"fg-image-wrap\"><img width=\"250\" height=\"250\" class=\"skip-lazy fg-image\" data-src-fg=\"https:\/\/pk.at\/wp-content\/uploads\/2020\/08\/LarsenLogo_EN.jpg\" src=\"data:image\/svg+xml,%3Csvg%20xmlns%3D%22http%3A%2F%2Fwww.w3.org%2F2000%2Fsvg%22%20width%3D%22250%22%20height%3D%22250%22%20viewBox%3D%220%200%20250%20250%22%3E%3C%2Fsvg%3E\" loading=\"eager\"><\/span><span class=\"fg-image-overlay\"><\/span><\/a><figcaption class=\"fg-caption\"><div class=\"fg-caption-inner\"><\/div><\/figcaption><\/figure><div class=\"fg-loader\"><\/div><\/div><div class=\"fg-item fg-type-image fg-idle\"><figure class=\"fg-item-inner\"><a href=\"https:\/\/www.petzkolophonium.com\/shop\/saiten\/violine\/jargar\/\" target=\"_blank\" data-attachment-id=\"1555\" class=\"fg-thumb\"><span class=\"fg-image-wrap\"><img width=\"250\" height=\"250\" class=\"skip-lazy fg-image\" data-src-fg=\"https:\/\/pk.at\/wp-content\/uploads\/2020\/08\/JargaLogo_EN.jpg\" src=\"data:image\/svg+xml,%3Csvg%20xmlns%3D%22http%3A%2F%2Fwww.w3.org%2F2000%2Fsvg%22%20width%3D%22250%22%20height%3D%22250%22%20viewBox%3D%220%200%20250%20250%22%3E%3C%2Fsvg%3E\" loading=\"eager\"><\/span><span class=\"fg-image-overlay\"><\/span><\/a><figcaption class=\"fg-caption\"><div class=\"fg-caption-inner\"><\/div><\/figcaption><\/figure><div class=\"fg-loader\"><\/div><\/div><div class=\"fg-item fg-type-image fg-idle\"><figure class=\"fg-item-inner\"><a href=\"https:\/\/www.petzkolophonium.com\/shop\/saiten\/violine\/kaplan\/\" target=\"_blank\" data-attachment-id=\"1564\" class=\"fg-thumb\"><span class=\"fg-image-wrap\"><img width=\"250\" height=\"250\" class=\"skip-lazy fg-image\" data-src-fg=\"https:\/\/pk.at\/wp-content\/uploads\/cache\/2020\/08\/KA310_Kaplan_EN\/4164621802.jpg\" src=\"data:image\/svg+xml,%3Csvg%20xmlns%3D%22http%3A%2F%2Fwww.w3.org%2F2000%2Fsvg%22%20width%3D%22250%22%20height%3D%22250%22%20viewBox%3D%220%200%20250%20250%22%3E%3C%2Fsvg%3E\" loading=\"eager\"><\/span><span class=\"fg-image-overlay\"><\/span><\/a><figcaption class=\"fg-caption\"><div class=\"fg-caption-inner\"><\/div><\/figcaption><\/figure><div class=\"fg-loader\"><\/div><\/div><div class=\"fg-item fg-type-image fg-idle\"><figure class=\"fg-item-inner\"><a href=\"https:\/\/www.petzkolophonium.com\/shop\/saiten\/violine\/corelli\/\" target=\"_blank\" data-attachment-id=\"1552\" class=\"fg-thumb\"><span class=\"fg-image-wrap\"><img width=\"250\" height=\"250\" class=\"skip-lazy fg-image\" data-src-fg=\"https:\/\/pk.at\/wp-content\/uploads\/2020\/08\/CorelliSavarezLogo_EN.jpg\" src=\"data:image\/svg+xml,%3Csvg%20xmlns%3D%22http%3A%2F%2Fwww.w3.org%2F2000%2Fsvg%22%20width%3D%22250%22%20height%3D%22250%22%20viewBox%3D%220%200%20250%20250%22%3E%3C%2Fsvg%3E\" loading=\"eager\"><\/span><span class=\"fg-image-overlay\"><\/span><\/a><figcaption class=\"fg-caption\"><div class=\"fg-caption-inner\"><\/div><\/figcaption><\/figure><div class=\"fg-loader\"><\/div><\/div><div class=\"fg-item fg-type-image fg-idle\"><figure class=\"fg-item-inner\"><a href=\"https:\/\/www.petzkolophonium.com\/shop\/saiten\/violine\/warchal\/\" target=\"_blank\" data-attachment-id=\"1563\" class=\"fg-thumb\"><span class=\"fg-image-wrap\"><img width=\"250\" height=\"250\" class=\"skip-lazy fg-image\" data-src-fg=\"https:\/\/pk.at\/wp-content\/uploads\/2020\/08\/warchal_logo_EN.jpg\" src=\"data:image\/svg+xml,%3Csvg%20xmlns%3D%22http%3A%2F%2Fwww.w3.org%2F2000%2Fsvg%22%20width%3D%22250%22%20height%3D%22250%22%20viewBox%3D%220%200%20250%20250%22%3E%3C%2Fsvg%3E\" loading=\"eager\"><\/span><span class=\"fg-image-overlay\"><\/span><\/a><figcaption class=\"fg-caption\"><div class=\"fg-caption-inner\"><\/div><\/figcaption><\/figure><div class=\"fg-loader\"><\/div><\/div><div class=\"fg-item fg-type-image fg-idle\"><figure class=\"fg-item-inner\"><a href=\"https:\/\/www.petzkolophonium.com\/shop\/saiten\/violine\/optima\/\" target=\"_blank\" data-attachment-id=\"1559\" class=\"fg-thumb\"><span class=\"fg-image-wrap\"><img width=\"250\" height=\"250\" class=\"skip-lazy fg-image\" data-src-fg=\"https:\/\/pk.at\/wp-content\/uploads\/2020\/08\/Optima_Logo_EN.jpg\" src=\"data:image\/svg+xml,%3Csvg%20xmlns%3D%22http%3A%2F%2Fwww.w3.org%2F2000%2Fsvg%22%20width%3D%22250%22%20height%3D%22250%22%20viewBox%3D%220%200%20250%20250%22%3E%3C%2Fsvg%3E\" loading=\"eager\"><\/span><span class=\"fg-image-overlay\"><\/span><\/a><figcaption class=\"fg-caption\"><div class=\"fg-caption-inner\"><\/div><\/figcaption><\/figure><div class=\"fg-loader\"><\/div><\/div><div class=\"fg-item fg-type-image fg-idle\"><figure class=\"fg-item-inner\"><a href=\"https:\/\/www.petzkolophonium.com\/shop\/saiten\/violine\/hill\/\" target=\"_blank\" data-attachment-id=\"1554\" class=\"fg-thumb\"><span class=\"fg-image-wrap\"><img width=\"250\" height=\"250\" class=\"skip-lazy fg-image\" data-src-fg=\"https:\/\/pk.at\/wp-content\/uploads\/2020\/08\/HillLogo_EN.jpg\" src=\"data:image\/svg+xml,%3Csvg%20xmlns%3D%22http%3A%2F%2Fwww.w3.org%2F2000%2Fsvg%22%20width%3D%22250%22%20height%3D%22250%22%20viewBox%3D%220%200%20250%20250%22%3E%3C%2Fsvg%3E\" loading=\"eager\"><\/span><span class=\"fg-image-overlay\"><\/span><\/a><figcaption class=\"fg-caption\"><div class=\"fg-caption-inner\"><\/div><\/figcaption><\/figure><div class=\"fg-loader\"><\/div><\/div><div class=\"fg-item fg-type-image fg-idle\"><figure class=\"fg-item-inner\"><a href=\"https:\/\/www.petzkolophonium.com\/shop\/saiten\/violine\/prim\/\" target=\"_blank\" data-attachment-id=\"1561\" class=\"fg-thumb\"><span class=\"fg-image-wrap\"><img width=\"250\" height=\"250\" class=\"skip-lazy fg-image\" data-src-fg=\"https:\/\/pk.at\/wp-content\/uploads\/2020\/08\/Prim_EN.jpg\" src=\"data:image\/svg+xml,%3Csvg%20xmlns%3D%22http%3A%2F%2Fwww.w3.org%2F2000%2Fsvg%22%20width%3D%22250%22%20height%3D%22250%22%20viewBox%3D%220%200%20250%20250%22%3E%3C%2Fsvg%3E\" loading=\"eager\"><\/span><span class=\"fg-image-overlay\"><\/span><\/a><figcaption class=\"fg-caption\"><div class=\"fg-caption-inner\"><\/div><\/figcaption><\/figure><div class=\"fg-loader\"><\/div><\/div><div class=\"fg-item fg-type-image fg-idle\"><figure class=\"fg-item-inner\"><a href=\"https:\/\/www.petzkolophonium.com\/shop\/saiten\/violine\/westminster\/\" target=\"_blank\" data-attachment-id=\"1216\" class=\"fg-thumb\"><span class=\"fg-image-wrap\"><img width=\"250\" height=\"250\" class=\"skip-lazy fg-image\" data-src-fg=\"https:\/\/pk.at\/wp-content\/uploads\/2020\/06\/Westminster_WT25.jpg\" src=\"data:image\/svg+xml,%3Csvg%20xmlns%3D%22http%3A%2F%2Fwww.w3.org%2F2000%2Fsvg%22%20width%3D%22250%22%20height%3D%22250%22%20viewBox%3D%220%200%20250%20250%22%3E%3C%2Fsvg%3E\" loading=\"eager\"><\/span><span class=\"fg-image-overlay\"><\/span><\/a><figcaption class=\"fg-caption\"><div class=\"fg-caption-inner\"><\/div><\/figcaption><\/figure><div class=\"fg-loader\"><\/div><\/div><div class=\"fg-item fg-type-image fg-idle\"><figure class=\"fg-item-inner\"><a href=\"https:\/\/www.petzkolophonium.com\/shop\/lng\/en\/strings\/violin\/for-tune\/\" target=\"_blank\" data-attachment-id=\"3237\" class=\"fg-thumb\"><span class=\"fg-image-wrap\"><img width=\"250\" height=\"250\" class=\"skip-lazy fg-image\" data-src-fg=\"https:\/\/pk.at\/wp-content\/uploads\/For-Tune_logo-e1695024263957.jpg\" src=\"data:image\/svg+xml,%3Csvg%20xmlns%3D%22http%3A%2F%2Fwww.w3.org%2F2000%2Fsvg%22%20width%3D%22250%22%20height%3D%22250%22%20viewBox%3D%220%200%20250%20250%22%3E%3C%2Fsvg%3E\" loading=\"eager\"><\/span><span class=\"fg-image-overlay\"><\/span><\/a><figcaption class=\"fg-caption\"><div class=\"fg-caption-inner\"><\/div><\/figcaption><\/figure><div class=\"fg-loader\"><\/div><\/div><\/div>\r\n\n<p style=\"text-align: center;\">\u00a0<\/p>\n<h3 style=\"text-align: center;\">\u00a0<\/h3>\n<h3 style=\"text-align: center;\">\u00a0<\/h3>\n<p style=\"text-align: center;\">\u00a0<\/p>\n","protected":false},"excerpt":{"rendered":"<p style=\"text-align: center;\"><span style=\"font-size: 14pt; color: #747474;\">Wir f\u00fchren alle renommierten Saitenmarken f\u00fcr Streichinstrumente.<\/span> <span style=\"font-size: 14pt; color: #747474;\">&#8211; \u00a0in allen verf\u00fcgbaren Gr\u00f6\u00dfen und St\u00e4rken.<\/span><\/...\n<\/p>\n","protected":false},"author":3,"featured_media":0,"parent":0,"menu_order":0,"comment_status":"closed","ping_status":"closed","template":"","meta":{"footnotes":""},"_links":{"self":[{"href":"https:\/\/pk.at\/de_DE\/wp-json\/wp\/v2\/pages\/33"}],"collection":[{"href":"https:\/\/pk.at\/de_DE\/wp-json\/wp\/v2\/pages"}],"about":[{"href":"https:\/\/pk.at\/de_DE\/wp-json\/wp\/v2\/types\/page"}],"author":[{"embeddable":true,"href":"https:\/\/pk.at\/de_DE\/wp-json\/wp\/v2\/users\/3"}],"replies":[{"embeddable":true,"href":"https:\/\/pk.at\/de_DE\/wp-json\/wp\/v2\/comments?post=33"}],"version-history":[{"count":61,"href":"https:\/\/pk.at\/de_DE\/wp-json\/wp\/v2\/pages\/33\/revisions"}],"predecessor-version":[{"id":3236,"href":"https:\/\/pk.at\/de_DE\/wp-json\/wp\/v2\/pages\/33\/revisions\/3236"}],"wp:attachment":[{"href":"https:\/\/pk.at\/de_DE\/wp-json\/wp\/v2\/media?parent=33"}],"curies":[{"name":"wp","href":"https:\/\/api.w.org\/{rel}","templated":true}]}}