{"id":21,"date":"2015-10-20T12:56:43","date_gmt":"2015-10-20T10:56:43","guid":{"rendered":"http:\/\/petzkolophonium.com\/?page_id=21"},"modified":"2022-09-15T11:09:22","modified_gmt":"2022-09-15T09:09:22","slug":"instrumente","status":"publish","type":"page","link":"https:\/\/pk.at\/de_DE\/instrumente","title":{"rendered":"Instruments"},"content":{"rendered":"<p><span style=\"font-size: 14pt; color: #747474;\"><!-- \/wp:image --><span style=\"font-family: Roboto;\"> <!-- wp:paragraph {\"align\":\"left\"} --><\/span><\/span><\/p><style type=\"text\/css\">\r\n\t#foogallery-gallery-1436 .fg-image {\r\n        width: 200px;\r\n    }\r\n<\/style>\r\n\t\t\t\t<div class=\"foogallery foogallery-container foogallery-default foogallery-lightbox-foobox fg-gutter-10 fg-center fg-default fg-light fg-border-thin fg-round-small fg-shadow-outline fg-loading-default fg-loaded-fade-in fg-caption-hover fg-hover-fade fg-hover-zoom fg-ready\" id=\"foogallery-gallery-1436\" data-foogallery=\"{&quot;item&quot;:{&quot;showCaptionTitle&quot;:true,&quot;showCaptionDescription&quot;:true},&quot;lazy&quot;:true}\" >\r\n\t<div class=\"fg-item fg-type-image fg-idle\"><figure class=\"fg-item-inner\"><a href=\"https:\/\/www.petzkolophonium.com\/shop\/lng\/en\/instruments\/cello\/cello-without-setup\/cello-romanian-german-spirit-varnish-628.html\" target=\"_blank\" data-attachment-id=\"1042\" class=\"fg-thumb\"><span class=\"fg-image-wrap\"><img width=\"200\" height=\"200\" class=\"skip-lazy fg-image\" data-src-fg=\"https:\/\/pk.at\/wp-content\/uploads\/cache\/2020\/04\/TC64S1_front\/4058505313.jpg\" src=\"data:image\/svg+xml,%3Csvg%20xmlns%3D%22http%3A%2F%2Fwww.w3.org%2F2000%2Fsvg%22%20width%3D%22200%22%20height%3D%22200%22%20viewBox%3D%220%200%20200%20200%22%3E%3C%2Fsvg%3E\" loading=\"eager\"><\/span><span class=\"fg-image-overlay\"><\/span><\/a><figcaption class=\"fg-caption\"><div class=\"fg-caption-inner\"><\/div><\/figcaption><\/figure><div class=\"fg-loader\"><\/div><\/div><div class=\"fg-item fg-type-image fg-idle\"><figure class=\"fg-item-inner\"><a href=\"https:\/\/www.petzkolophonium.com\/shop\/lng\/en\/strunal-solist-double-bass-flat-back.html\" target=\"_blank\" data-attachment-id=\"1044\" class=\"fg-thumb\"><span class=\"fg-image-wrap\"><img width=\"200\" height=\"200\" class=\"skip-lazy fg-image\" data-src-fg=\"https:\/\/pk.at\/wp-content\/uploads\/cache\/2020\/04\/STAB_3_4\/2942008116.jpg\" src=\"data:image\/svg+xml,%3Csvg%20xmlns%3D%22http%3A%2F%2Fwww.w3.org%2F2000%2Fsvg%22%20width%3D%22200%22%20height%3D%22200%22%20viewBox%3D%220%200%20200%20200%22%3E%3C%2Fsvg%3E\" loading=\"eager\"><\/span><span class=\"fg-image-overlay\"><\/span><\/a><figcaption class=\"fg-caption\"><div class=\"fg-caption-inner\"><\/div><\/figcaption><\/figure><div class=\"fg-loader\"><\/div><\/div><div class=\"fg-item fg-type-image fg-idle\"><figure class=\"fg-item-inner\"><a href=\"https:\/\/www.petzkolophonium.com\/shop\/lng\/en\/european-viola-white.html\" target=\"_blank\" data-attachment-id=\"1050\" class=\"https:\/\/www.petzkolophonium.com\/shop\/europaeische-viola-weiss.html fg-thumb\"><span class=\"fg-image-wrap\"><img width=\"200\" height=\"200\" class=\"skip-lazy fg-image\" data-src-fg=\"https:\/\/pk.at\/wp-content\/uploads\/cache\/2020\/04\/AVA20-380\/1775216694.jpg\" src=\"data:image\/svg+xml,%3Csvg%20xmlns%3D%22http%3A%2F%2Fwww.w3.org%2F2000%2Fsvg%22%20width%3D%22200%22%20height%3D%22200%22%20viewBox%3D%220%200%20200%20200%22%3E%3C%2Fsvg%3E\" loading=\"eager\"><\/span><span class=\"fg-image-overlay\"><\/span><\/a><figcaption class=\"fg-caption\"><div class=\"fg-caption-inner\"><\/div><\/figcaption><\/figure><div class=\"fg-loader\"><\/div><\/div><\/div>\r\n<p><span style=\"font-size: 14pt; font-family: Roboto;\"><br class=\"\u201dclear\u201d\" \/>Ausgenommen historische und neu gebaute Meisterinstrumente europ\u00e4ischer Herkunft (diese Dom\u00e4ne sollte ausschlie\u00dflich dem erfahrenen Geigenbauer vorbehalten bleiben) bieten wir eine vielf\u00e4ltige Auswahl an Violinen, Violas, Celli und Kontrab\u00e4ssen an. In Europa beziehen wir die Instrumente ausschlie\u00dflich von Kleinbetrieben, vor allem aus Rum\u00e4nien und der Tschechischen Republik. <span style=\"color: #747474;\"><!-- \/wp:paragraph --><\/span><\/span><\/p><p class=\"has-text-align-left\"><span style=\"font-size: 14pt; color: #747474; font-family: Roboto;\">Damit k\u00f6nnen wir f\u00fcr die Qualit\u00e4t in der Verarbeitung, die Herkunft und die Lagerzeit des Tonholzes die volle Verantwortung \u00fcbernehmen und fallweise auch besondere Kundenw\u00fcnsche umsetzen.<\/span><\/p><p><span style=\"font-size: 14pt; font-family: Roboto;\"><span style=\"color: #747474;\"><!-- wp:image {\"align\":\"left\",\"id\":1044,\"width\":200,\"height\":480,\"linkDestination\":\"custom\"} --><!-- \/wp:image --><\/span><span style=\"color: #747474;\"><!-- wp:group --><\/span><\/span><\/p><div class=\"wp-block-group\"><div class=\"wp-block-group__inner-container\"><span style=\"font-size: 14pt; font-family: Roboto;\"><span style=\"color: #747474;\"><!-- \/wp:paragraph --><!-- wp:paragraph {\"align\":\"left\"} --><\/span><span style=\"color: #747474;\"><!-- \/wp:paragraph --><\/span><\/span><\/div><\/div><p><span style=\"font-size: 14pt; font-family: Roboto;\"><span style=\"color: #747474;\"><!-- \/wp:group --><\/span><span style=\"color: #747474;\"><!-- wp:paragraph --><\/span> <span style=\"color: #747474;\">Auch unsere Halbfabrikate, vom Instrumentenhals bis zum fast fertigen aber selbstverst\u00e4ndlich nicht lackiertem Instrumentenrohling, stammen nur aus europ\u00e4ischen Werkst\u00e4tten.<\/span> <span style=\"color: #747474;\"><!-- \/wp:paragraph --><\/span><span style=\"color: #747474;\"><!-- wp:paragraph {\"align\":\"left\"} --><!-- \/wp:paragraph --><\/span><span style=\"color: #747474;\"><!-- wp:group --><\/span><\/span><\/p><div class=\"wp-block-group\"><div class=\"wp-block-group__inner-container\"><span style=\"font-size: 14pt; color: #747474; font-family: Roboto;\"><!-- wp:image {\"align\":\"left\",\"id\":1050,\"linkDestination\":\"custom\"} --><!-- \/wp:image --><!-- wp:paragraph --><br class=\"\u201dclear\u201d\" \/>Aus China bieten wir, in geringen St\u00fcckzahlen, Instrumente von sehr erfahrenen, renommierten Geigenbaumeistern an. Diese haben zumeist ihre Ausbildung und weiterf\u00fchrende Meisterstudien in Europa oder den USA absolviert und arbeiten nun in Ihrer Heimat auf h\u00f6chstem Niveau. <!-- \/wp:paragraph --><\/span><\/div><\/div><p><span style=\"font-size: 14pt; font-family: Roboto;\"><span style=\"color: #747474;\"><!-- \/wp:group --><\/span> <span style=\"color: #747474;\"><!-- wp:heading {\"level\":4} --><\/span><\/span><\/p><h4><span style=\"font-size: 14pt; color: #747474; font-family: Roboto;\"><a style=\"color: #747474;\" href=\"https:\/\/www.petzkolophonium.com\/shop\/instrumente\/violine\/violine-nicht-spielfertig\/violine-aus-kleiner-meisterwerkstatt-nicht-spielfertig.html\" target=\"_blank\" rel=\"noopener noreferrer\"><img decoding=\"async\" loading=\"lazy\" class=\"alignleft wp-image-1052\" src=\"https:\/\/petzkolophonium.com\/wp-content\/uploads\/2020\/04\/NS30K_front-170x300.jpg\" alt=\"Model Kreisler\" width=\"126\" height=\"223\" srcset=\"https:\/\/pk.at\/wp-content\/uploads\/2020\/04\/NS30K_front-170x300.jpg 170w, https:\/\/pk.at\/wp-content\/uploads\/2020\/04\/NS30K_front-582x1024.jpg 582w, https:\/\/pk.at\/wp-content\/uploads\/2020\/04\/NS30K_front-768x1352.jpg 768w, https:\/\/pk.at\/wp-content\/uploads\/2020\/04\/NS30K_front-872x1536.jpg 872w, https:\/\/pk.at\/wp-content\/uploads\/2020\/04\/NS30K_front-14x24.jpg 14w, https:\/\/pk.at\/wp-content\/uploads\/2020\/04\/NS30K_front-20x36.jpg 20w, https:\/\/pk.at\/wp-content\/uploads\/2020\/04\/NS30K_front-27x48.jpg 27w, https:\/\/pk.at\/wp-content\/uploads\/2020\/04\/NS30K_front.jpg 898w\" sizes=\"(max-width: 126px) 100vw, 126px\" \/><\/a><\/span><\/h4><p><span style=\"font-size: 14pt; font-family: Roboto;\"><span style=\"color: #747474;\"><!-- \/wp:heading --><\/span> <span style=\"color: #747474;\"><!-- wp:paragraph --><\/span> <span style=\"color: #747474;\"><br class=\"\u201dclear\u201d\" \/><br class=\"\u201dclear\u201d\" \/><br class=\"\u201dclear\u201d\" \/><em>Kreisler Modell<\/em> <\/span> <span style=\"color: #747474;\"><!-- \/wp:paragraph --><\/span> <span style=\"color: #747474;\"><!-- wp:paragraph --><\/span><\/span> <span style=\"font-size: 14pt; font-family: Roboto;\"><span style=\"color: #747474;\"><br class=\"\u201dclear\u201d\" \/>Von Hand gefertigt aber arbeitsteilig hergestellt sind unsere Streichinstrumente f\u00fcr Sch\u00fcler und Amateurmusiker. Selbstverst\u00e4ndlich aus Vollholz, aber unterschiedlich in der Verwendung des Zubeh\u00f6rs und Lackes haben wir von der 1\/16 Violine bis zum 4\/4 Bass stets eine umfassende Auswahl auf Lager.<\/span><\/span><br class=\"\u201dclear\u201d\" \/><br class=\"\u201dclear\u201d\" \/><br class=\"\u201dclear\u201d\" \/><br class=\"\u201dclear\u201d\" \/><br class=\"\u201dclear\u201d\" \/><span style=\"font-size: 14pt; font-family: Roboto;\"><span style=\"color: #747474;\"> <br class=\"\u201dclear\u201d\" \/><br class=\"\u201dclear\u201d\" \/><\/span><a href=\"https:\/\/www.petzkolophonium.com\/shop\/lng\/en\/instruments\/violin\/violin-without-setup\/petz-violin-yb60-not-ready-to-play.html\" target=\"_blank\" rel=\"noopener\"><img decoding=\"async\" loading=\"lazy\" class=\"wp-image-1274 alignleft\" src=\"https:\/\/pk.at\/wp-content\/uploads\/2020\/06\/SPYB60-369x1024.jpg\" alt=\"\" width=\"105\" height=\"291\" srcset=\"https:\/\/pk.at\/wp-content\/uploads\/2020\/06\/SPYB60-369x1024.jpg 369w, https:\/\/pk.at\/wp-content\/uploads\/2020\/06\/SPYB60-108x300.jpg 108w, https:\/\/pk.at\/wp-content\/uploads\/2020\/06\/SPYB60-768x2130.jpg 768w, https:\/\/pk.at\/wp-content\/uploads\/2020\/06\/SPYB60-554x1536.jpg 554w, https:\/\/pk.at\/wp-content\/uploads\/2020\/06\/SPYB60-738x2048.jpg 738w, https:\/\/pk.at\/wp-content\/uploads\/2020\/06\/SPYB60-9x24.jpg 9w, https:\/\/pk.at\/wp-content\/uploads\/2020\/06\/SPYB60-13x36.jpg 13w, https:\/\/pk.at\/wp-content\/uploads\/2020\/06\/SPYB60-17x48.jpg 17w, https:\/\/pk.at\/wp-content\/uploads\/2020\/06\/SPYB60.jpg 800w\" sizes=\"(max-width: 105px) 100vw, 105px\" \/><\/a><em><br class=\"\u201dclear\u201d\" \/><br class=\"\u201dclear\u201d\" \/><br class=\"\u201dclear\u201d\" \/><br class=\"\u201dclear\u201d\" \/><br class=\"\u201dclear\u201d\" \/>G60 Violine <\/em><\/span> <span style=\"font-size: 14pt; font-family: Roboto;\"><br class=\"\u201dclear\u201d\" \/>Unser Geigenbauer kontrolliert s\u00e4mtliche Instrumente und sorgt bei Bedarf auch f\u00fcr ein hochwertiges Setup. <span style=\"color: #747474;\"><!-- \/wp:paragraph --><\/span> <span style=\"color: #747474;\"><!-- wp:paragraph --><!-- \/wp:paragraph --><\/span> <span style=\"color: #747474;\"><!-- wp:paragraph --><\/span> <span style=\"color: #747474;\"><!-- \/wp:paragraph --><\/span> <span style=\"color: #747474;\"><!-- wp:image {\"id\":1056} --><\/span><\/span><\/p><figure class=\"wp-block-image\"><span style=\"font-size: 14pt; color: #747474; font-family: Roboto;\">\u00a0<\/span><\/figure><p><span style=\"font-size: 14pt; color: #747474;\"><!-- \/wp:image --><\/span><\/p><p><!-- wp:code {\"style\":{\"typography\":{\"fontSize\":\"14px\"}}} --><\/p><pre class=\"wp-block-code\" style=\"font-size: 14px;\"><code><\/code><\/pre><p><!-- \/wp:code --><\/p>","protected":false},"excerpt":{"rendered":"<p><span style=\"font-size: 14pt; color: #747474;\"><!-- \/wp:image --><span style=\"font-family: Roboto;\"> <!-- wp:paragraph {\"align\":\"left\"} --><\/span><\/span><\/p>\n[foogallery id=\"1436\"]\n<p><span style=\"font-size: 14pt; font-family: Roboto;\"><br cl...\n<\/p>\n","protected":false},"author":3,"featured_media":0,"parent":0,"menu_order":0,"comment_status":"closed","ping_status":"closed","template":"","meta":{"footnotes":""},"_links":{"self":[{"href":"https:\/\/pk.at\/de_DE\/wp-json\/wp\/v2\/pages\/21"}],"collection":[{"href":"https:\/\/pk.at\/de_DE\/wp-json\/wp\/v2\/pages"}],"about":[{"href":"https:\/\/pk.at\/de_DE\/wp-json\/wp\/v2\/types\/page"}],"author":[{"embeddable":true,"href":"https:\/\/pk.at\/de_DE\/wp-json\/wp\/v2\/users\/3"}],"replies":[{"embeddable":true,"href":"https:\/\/pk.at\/de_DE\/wp-json\/wp\/v2\/comments?post=21"}],"version-history":[{"count":270,"href":"https:\/\/pk.at\/de_DE\/wp-json\/wp\/v2\/pages\/21\/revisions"}],"predecessor-version":[{"id":3032,"href":"https:\/\/pk.at\/de_DE\/wp-json\/wp\/v2\/pages\/21\/revisions\/3032"}],"wp:attachment":[{"href":"https:\/\/pk.at\/de_DE\/wp-json\/wp\/v2\/media?parent=21"}],"curies":[{"name":"wp","href":"https:\/\/api.w.org\/{rel}","templated":true}]}}