{"id":15,"date":"2015-10-20T12:53:43","date_gmt":"2015-10-20T10:53:43","guid":{"rendered":"http:\/\/petzkolophonium.com\/?page_id=15"},"modified":"2026-03-26T07:29:52","modified_gmt":"2026-03-26T07:29:52","slug":"neues","status":"publish","type":"page","link":"https:\/\/pk.at\/de_DE\/","title":{"rendered":"Home & News"},"content":{"rendered":"<div id=\"c721\" class=\"csc-default\">\n<div class=\"csc-textpic-text\"><span style=\"font-size: 14pt; color: #008000;\"><strong>\u00a0 \u00a0 Entdecken\u00a0 Sie\u00a0 unseren\u00a0 neuen\u00a0 Katalog<a href=\"https:\/\/pk.at\/de_DE\/downloads\"><img decoding=\"async\" loading=\"lazy\" class=\"size-medium wp-image-3990 aligncenter\" src=\"https:\/\/pk.at\/wp-content\/uploads\/Erste-Seite-210x300.jpg\" alt=\"\" width=\"210\" height=\"300\" srcset=\"https:\/\/pk.at\/wp-content\/uploads\/Erste-Seite-210x300.jpg 210w, https:\/\/pk.at\/wp-content\/uploads\/Erste-Seite-17x24.jpg 17w, https:\/\/pk.at\/wp-content\/uploads\/Erste-Seite-25x36.jpg 25w, https:\/\/pk.at\/wp-content\/uploads\/Erste-Seite-34x48.jpg 34w, https:\/\/pk.at\/wp-content\/uploads\/Erste-Seite.jpg 443w\" sizes=\"(max-width: 210px) 100vw, 210px\" \/><\/a><\/strong><\/span><span style=\"font-size: 14pt; color: #008000;\"><strong>Entdecken Sie unsere neuen Produkte:<\/strong><\/span><\/div>\n<div class=\"csc-textpic-text\"><span style=\"font-size: 14pt; color: #008000;\"><strong>\u00a0\u00a0\u00a0\u00a0\u00a0\u00a0\u00a0\u00a0\u00a0\u00a0\u00a0\u00a0 Bender Klangstachel \u2013 Sonowood Griffbretter und Zubeh\u00f6r \u2013 Stimmstockwerkzeug<\/strong><\/span><\/div>\n<div><img decoding=\"async\" loading=\"lazy\" class=\"alignnone size-medium wp-image-3967 aligncenter\" src=\"https:\/\/pk.at\/wp-content\/uploads\/027_PetzVienna-GmbH-300x150.jpg\" alt=\"\" width=\"300\" height=\"150\" srcset=\"https:\/\/pk.at\/wp-content\/uploads\/027_PetzVienna-GmbH-300x150.jpg 300w, https:\/\/pk.at\/wp-content\/uploads\/027_PetzVienna-GmbH-24x12.jpg 24w, https:\/\/pk.at\/wp-content\/uploads\/027_PetzVienna-GmbH-36x18.jpg 36w, https:\/\/pk.at\/wp-content\/uploads\/027_PetzVienna-GmbH-48x24.jpg 48w, https:\/\/pk.at\/wp-content\/uploads\/027_PetzVienna-GmbH.jpg 600w\" sizes=\"(max-width: 300px) 100vw, 300px\" \/><\/div>\n<div class=\"csc-textpic-text\">\n<p style=\"text-align: center;\"><span style=\"font-size: 14pt; color: #747474;\">Als Gro\u00dfh\u00e4ndler und Spezialist f\u00fcr Streichinstrumente und Zubeh\u00f6r<\/span> <span style=\"font-size: 14pt; color: #747474;\">vertreiben wir knapp 7000 verschiedene Produkte.<\/span> <span style=\"font-size: 14pt; color: #747474;\">Im Sinne unserer Kunden<\/span> <span style=\"font-size: 14pt; color: #747474;\">(Gro\u00dfh\u00e4ndler, Geigenbauer, Musikgesch\u00e4fte bzw. Wiederverk\u00e4ufer)<\/span> <span style=\"font-size: 14pt; color: #747474;\">sind wir<\/span><\/p>\n<p style=\"text-align: center;\"><span style=\"font-size: 14pt; color: #747474;\"><em><strong>~ flexibel\u00a0 <\/strong><\/em>bei speziellen Kundenw\u00fcnschen<\/span><\/p>\n<p style=\"text-align: center;\"><span style=\"font-size: 14pt; color: #747474;\"><em><strong>~ schnell<\/strong>\u00a0 <\/em>im Versand<\/span><\/p>\n<p style=\"text-align: center;\"><span style=\"font-size: 14pt; color: #747474;\"><em><strong>~ fair<\/strong>\u00a0 <\/em>bei den Preisen oder R\u00fccknahmew\u00fcnschen<\/span><\/p>\n<p style=\"text-align: center;\">\t\t\t\t<div class=\"image-hover-page-container animatedParent\">\r\n\t\t\t\t\t<div class=\"row\">\r\n\t\t\t\t\t\t\t\t\t\t\t\t\t\t\t\t\t\t\t\t\t\t\t\t\t\t\t\t\t\t\t\t\t\t\t                 <div class=\"col-lg-12 col-sm-6\">\r\n\t\t\t\t\t                   <!-- normal -->\r\n\t\t\t\t\t                   <div class=\"ih-item square effect9 right_to_left\">\r\n\t\t\t\t\t \t                   <a class=\"taphover\" href=\"&#047;de_DE&#047;instrumente\">\r\n\t\t\t\t\t \t\t                   \t\t\t\t\t\t\t \t\t                      <div class=\"img\"><img style=\"height:100%;\" src=\"https:\/\/pk.at\/wp-content\/uploads\/2020\/06\/Instrumente_button.jpg\" alt=\"img\">\r\n\r\n\t\t\t\t\t \t\t                       \r\n\t\t\t\t\t \t\t                       <\/div>\r\n\t\t\t\t\t \t\t                       \t\t\t\t\t \t\t                       <div class=\"info\" style=\"height:inherit;\">\r\n\t\t\t\t\t \t\t                       \t\t<div class=\"info-back\">\r\n\t\t\t\t\t \t\t\t\t                        <h3 style=\"color:#297f24;\">Instrumente<\/h3>\r\n\t\t\t\t\t \t\t\t\t                        <p style=\"color:\">Violine &#126; Viola &#126; Cello &#126; Kontrabass &#126; wei&#223;e Instrumente<\/p>\r\n\t\t\t\t\t \t\t\t                        <\/div>\r\n\t\t\t\t\t \t\t                      <\/div>\r\n\t\t\t\t\t \t\t                       \t\r\n\t\t\t\t\t \t\t                       \t\t\t\t\t \t\t                      \r\n\t\t\t\t\t \t                      <\/a>\r\n\t\t\t\t\t                       <\/div>\r\n\t\t\t\t\t                   <!-- end normal -->\r\n\r\n\t\t\t\t\t                 <\/div>\t\r\n\t\t\t\t\t\t\t\t\t\t\t\t\t\t\t\t\t\t\t\t\t\t\t\t\t<\/div><div class=\"row\">\r\n\t\t\t\t\t\t\t\t\t\t\t\t\t\t\t\t\t\t\t\t\t\t\t\t\t\t\t\t\t\t\t\t\t\t\t\t\t                 <div class=\"col-lg-12 col-sm-6\">\r\n\t\t\t\t\t                   <!-- normal -->\r\n\t\t\t\t\t                   <div class=\"ih-item square effect9 left_to_right\">\r\n\t\t\t\t\t \t                   <a class=\"taphover\" href=\"&#047;de_DE&#047;boegen\">\r\n\t\t\t\t\t \t\t                   \t\t\t\t\t\t\t \t\t                      <div class=\"img\"><img style=\"height:100%;\" src=\"https:\/\/pk.at\/wp-content\/uploads\/2020\/06\/Bogen_button.jpg\" alt=\"img\">\r\n\r\n\t\t\t\t\t \t\t                       \r\n\t\t\t\t\t \t\t                       <\/div>\r\n\t\t\t\t\t \t\t                       \t\t\t\t\t \t\t                       <div class=\"info\" style=\"height:inherit;\">\r\n\t\t\t\t\t \t\t                       \t\t<div class=\"info-back\">\r\n\t\t\t\t\t \t\t\t\t                        <h3 style=\"color:#297f24;\">B&#246;gen<\/h3>\r\n\t\t\t\t\t \t\t\t\t                        <p style=\"color:#fff\">vom Anf&#228;ngerbogen bis zum Meisterbogen<\/p>\r\n\t\t\t\t\t \t\t\t                        <\/div>\r\n\t\t\t\t\t \t\t                      <\/div>\r\n\t\t\t\t\t \t\t                       \t\r\n\t\t\t\t\t \t\t                       \t\t\t\t\t \t\t                      \r\n\t\t\t\t\t \t                      <\/a>\r\n\t\t\t\t\t                       <\/div>\r\n\t\t\t\t\t                   <!-- end normal -->\r\n\r\n\t\t\t\t\t                 <\/div>\t\r\n\t\t\t\t\t\t\t\t\t\t\t\t\t\t\t\t\t\t\t\t\t\t\t\t\t\t\t\t\t\t\t\t\t\t\t\t\t\t\t\t\t\t\t\t\t                 <div class=\"col-lg-12 col-sm-6\">\r\n\t\t\t\t\t                   <!-- normal -->\r\n\t\t\t\t\t                   <div class=\"ih-item square effect9 right_to_left\">\r\n\t\t\t\t\t \t                   <a class=\"taphover\" href=\"&#047;de_DE&#047;etuis-und-huellen\">\r\n\t\t\t\t\t \t\t                   \t\t\t\t\t\t\t \t\t                      <div class=\"img\"><img style=\"height:100%;\" src=\"https:\/\/pk.at\/wp-content\/uploads\/2020\/06\/Etuis_button.jpg\" alt=\"img\">\r\n\r\n\t\t\t\t\t \t\t                       \r\n\t\t\t\t\t \t\t                       <\/div>\r\n\t\t\t\t\t \t\t                       \t\t\t\t\t \t\t                       <div class=\"info\" style=\"height:inherit;\">\r\n\t\t\t\t\t \t\t                       \t\t<div class=\"info-back\">\r\n\t\t\t\t\t \t\t\t\t                        <h3 style=\"color:#297f24;\">Etuis &#038; H&#252;llen<\/h3>\r\n\t\t\t\t\t \t\t\t\t                        <p style=\"color:\">f&#252;r jedes Streichinstrument und jeden Bogen<\/p>\r\n\t\t\t\t\t \t\t\t                        <\/div>\r\n\t\t\t\t\t \t\t                      <\/div>\r\n\t\t\t\t\t \t\t                       \t\r\n\t\t\t\t\t \t\t                       \t\t\t\t\t \t\t                      \r\n\t\t\t\t\t \t                      <\/a>\r\n\t\t\t\t\t                       <\/div>\r\n\t\t\t\t\t                   <!-- end normal -->\r\n\r\n\t\t\t\t\t                 <\/div>\t\r\n\t\t\t\t\t\t\t\t\t\t\t\t\t\t\t\t\t\t\t\t\t\t\t\t\t\t\t\t\t\t\t\t\t\t\t\t\t\t\t\t\t\t\t\t\t                 <div class=\"col-lg-12 col-sm-6\">\r\n\t\t\t\t\t                   <!-- normal -->\r\n\t\t\t\t\t                   <div class=\"ih-item square effect9 left_to_right\">\r\n\t\t\t\t\t \t                   <a class=\"taphover\" href=\"&#047;de_DE&#047;saiten\">\r\n\t\t\t\t\t \t\t                   \t\t\t\t\t\t\t \t\t                      <div class=\"img\"><img style=\"height:100%;\" src=\"https:\/\/pk.at\/wp-content\/uploads\/2020\/06\/Saiten_button.jpg\" alt=\"img\">\r\n\r\n\t\t\t\t\t \t\t                       \r\n\t\t\t\t\t \t\t                       <\/div>\r\n\t\t\t\t\t \t\t                       \t\t\t\t\t \t\t                       <div class=\"info\" style=\"height:inherit;\">\r\n\t\t\t\t\t \t\t                       \t\t<div class=\"info-back\">\r\n\t\t\t\t\t \t\t\t\t                        <h3 style=\"color:#297f24;\">Saiten<\/h3>\r\n\t\t\t\t\t \t\t\t\t                        <p style=\"color:\">Wir verkaufen alle prestigetr&#228;chtigen Marken f&#252;r Instrumente sowie alle verf&#252;gbaren Ersatzteile und Kaliber.<\/p>\r\n\t\t\t\t\t \t\t\t                        <\/div>\r\n\t\t\t\t\t \t\t                      <\/div>\r\n\t\t\t\t\t \t\t                       \t\r\n\t\t\t\t\t \t\t                       \t\t\t\t\t \t\t                      \r\n\t\t\t\t\t \t                      <\/a>\r\n\t\t\t\t\t                       <\/div>\r\n\t\t\t\t\t                   <!-- end normal -->\r\n\r\n\t\t\t\t\t                 <\/div>\t\r\n\t\t\t\t\t\t\t\t\t\t\t\t\t\t\t\t\t\t\t\t\t\t\t\t\t\t\t\t\t\t\t\t\t\t\t\t\t\t\t\t\t\t\t\t\t                 <div class=\"col-lg-12 col-sm-6\">\r\n\t\t\t\t\t                   <!-- normal -->\r\n\t\t\t\t\t                   <div class=\"ih-item square effect9 right_to_left\">\r\n\t\t\t\t\t \t                   <a class=\"taphover\" href=\"&#047;de_DE&#047;zubehoer\">\r\n\t\t\t\t\t \t\t                   \t\t\t\t\t\t\t \t\t                      <div class=\"img\"><img style=\"height:100%;\" src=\"https:\/\/pk.at\/wp-content\/uploads\/2020\/07\/Zubeh\u00f6r_button_2.jpg\" alt=\"img\">\r\n\r\n\t\t\t\t\t \t\t                       \r\n\t\t\t\t\t \t\t                       <\/div>\r\n\t\t\t\t\t \t\t                       \t\t\t\t\t \t\t                       <div class=\"info\" style=\"height:inherit;\">\r\n\t\t\t\t\t \t\t                       \t\t<div class=\"info-back\">\r\n\t\t\t\t\t \t\t\t\t                        <h3 style=\"color:#297f24;\">Zubeh&#246;r<\/h3>\r\n\t\t\t\t\t \t\t\t\t                        <p style=\"color:\">vom Wirbel bis zum Endknopf<\/p>\r\n\t\t\t\t\t \t\t\t                        <\/div>\r\n\t\t\t\t\t \t\t                      <\/div>\r\n\t\t\t\t\t \t\t                       \t\r\n\t\t\t\t\t \t\t                       \t\t\t\t\t \t\t                      \r\n\t\t\t\t\t \t                      <\/a>\r\n\t\t\t\t\t                       <\/div>\r\n\t\t\t\t\t                   <!-- end normal -->\r\n\r\n\t\t\t\t\t                 <\/div>\t\r\n\t\t\t\t\t\t\t\t\t\t\t\t\t\t\t\t\t\t\t\t\t\t\t\t\t\t\t\t\t\t\t\t\t\t\t\t\t\t\t\t\t\t\t\t\t                 <div class=\"col-lg-12 col-sm-6\">\r\n\t\t\t\t\t                   <!-- normal -->\r\n\t\t\t\t\t                   <div class=\"ih-item square effect9 left_to_right\">\r\n\t\t\t\t\t \t                   <a class=\"taphover\" href=\"&#047;de_DE&#047;tools\">\r\n\t\t\t\t\t \t\t                   \t\t\t\t\t\t\t \t\t                      <div class=\"img\"><img style=\"height:100%;\" src=\"https:\/\/pk.at\/wp-content\/uploads\/2020\/07\/Werkzeug_button_2.jpg\" alt=\"img\">\r\n\r\n\t\t\t\t\t \t\t                       \r\n\t\t\t\t\t \t\t                       <\/div>\r\n\t\t\t\t\t \t\t                       \t\t\t\t\t \t\t                       <div class=\"info\" style=\"height:inherit;\">\r\n\t\t\t\t\t \t\t                       \t\t<div class=\"info-back\">\r\n\t\t\t\t\t \t\t\t\t                        <h3 style=\"color:#297f24;\">Werkzeuge<\/h3>\r\n\t\t\t\t\t \t\t\t\t                        <p style=\"color:\">Werkzeuge &#126; Holz &#126; Formen &#126; Schablonen und vieles mehr<\/p>\r\n\t\t\t\t\t \t\t\t                        <\/div>\r\n\t\t\t\t\t \t\t                      <\/div>\r\n\t\t\t\t\t \t\t                       \t\r\n\t\t\t\t\t \t\t                       \t\t\t\t\t \t\t                      \r\n\t\t\t\t\t \t                      <\/a>\r\n\t\t\t\t\t                       <\/div>\r\n\t\t\t\t\t                   <!-- end normal -->\r\n\r\n\t\t\t\t\t                 <\/div>\t\r\n\t\t\t\t\t\t\t\t\t\t\t\t\t\t\t\t\t\t\t\t\t\t\t\r\n\t\t\t\t\t\t\t\t\t\t\t\t\t\t\t\t\t\t\t\t\t\t\t\t\t\t\t\t\t\t\t\t\t\t\t\t\t\t\t\t\t\t\t\t\t\t\t\t\t\t\t\t\t\t\t\t\t\t\t\t\t\t\t\t\t\t\t\t\t\t\t\t\t\t\t\t\t\t\t\t\t\t\t\t\t\t\t\t\t\t\t\t\t\t\t\t\t\t\t\t\t\t\t\t\t\t\t\t\t\t\t\t\t\t\t\t\t\t\t\t\t\t\t\t\t\t\t\t\r\n\t\t\t\t\t\t\t\t\t\t\t\t\t\t\t\t\t\t\t\t\t\t\t\t\t\t\t\t\t\t\t\t\t\t\t\t\t\t\t\t\t\t\t\t\t\t\t\t\t\t\t\t\t\t\t\t\t\t\t\t\t\t\t\t\t\t\t\t\t\t\t\t\t\t\t\t\t\t\t\t\t\t\t\t\t\t\t\t\t\t\t\t\t\t\t\t\t\t\t\t\t\t\t\t\t\t\t\t\t\t\t\t\t\t\t\t\t\t\t\t\t\t\t\t\t\t\t\t\r\n\t\t\t\t\t\t\t\t\t\t\t\t\t\t\t\t\t\t\t\t\t\t\t\t\t\t\t\t\t\t\t\t\t\t\t\t\t\t\t\t\t\t\t\t\t\t\t\t\t\t\t\t\t\t\t\t\t\t\t\t\t\t\t\t\t\t\t\t\t\t\t\t\t\t\t\t\t\t\t\t\t\t\t\t\t\t\t\t\t\t\t\t\t\t\t\t\t\t\t\t\t\t\t\t\t\t\t\t\t\t\t\t\t\t\t\t\t\t\t\t\t\t\t\t\t\t\t\t\r\n\t\t\t\t\t\t\t\t\t\t\t\t\t\t\t\t\t\t\t\t\t\t\t\t\t\t\t\t\t\t\t\t\t\t\t\t\t\t\t\t\t\t\t\t\t\t\t\t\t\t\t\t\t\t\t\t\t\t\t\t\t\t\t\t\t\t\t\t\t\t\t\t\t\t\t\t\t\t\t\t\t\t\t\t\t\t\t\t\t\t\t\t\t\t\t\t\t\t\t\t\t\t\t\t\t\t\t\t\t\t\t\t\t\t\t\t\t\t\t\t\t\t\t\t\t\t\t\t\r\n\t\t\t\t\t\t\t\t\t\t\t\t\t\t\t\t\t\t\t\t\t\t\t\t\t\t\t\t\t\t\t\t\t\t\t\t\t\t\t\t\t\t\t\t\t\t\t\t\t\t\t\t\t\t\t\t\t\t\t\t\t\t\t\t\t\t\t\t\t\t\t\t\t\t\t\t\t\t\t\t\t\t\t\t\t\t\t\t\t\t\t\t\t\t\t\t\t\t\t\t\t\t\t\t\t\t\t\t\t\t\t\t\t\t\t\t\t\t\t\t\t\t\t\t\t\t\t\t\t\t\t\t\t\t\t\t\t\t\t\t\t\t\t\t\t\t\t\t\t\t\t\r\n\t\t\t\t\t\t\t\t\t\t\t\t\t\t\t\t\t\t\t\t\t\t\t\t\t\t\t\t\t\t\t\t\t\t\t\t\t\t\t\t\t\t\t\t\t\t\t\t\t\t\t\t\t\t\t\t\t\t\t\t\t\t\t\t\t\t\t\t\t\t\t\t\t\t\t\t\t\t\t\t\t\t\t\t\t\t\t\t\t\t\t\t\t\t\t\t\t\t\t\t\t\t\t\t\t\t\t\t\t\t\t\t\t\t\t\t\t\t\t\t\t\t\t\t\t\t\t\t\t\t\t\t\t\t\t\t\t\t\t\t\t\t\t\t\t\t\t\t\t\t\t\r\n\t\t\t\t\t\t\t\t\t\t\t\t\t\t\t\t\t\t\t\t\t\t\t\t\t\t\t\t\t\t\t\t\t\t\t\t\t\t\t\t\t\t\t\t\t\t\t\t\t\t\t\t\t\t\t\t\t\t\t\t\t\t\t\t\t\t\t\t\t\t\t\t\t\t\t\t\t\t\t\t\t\t\t\t\t\t\t\t\t\t\t\t\t\t\t\t\t\t\t\t\t\t\t\t\t\t\t\t\t\t\t\t\t\t\t\t\t\t\t\t\t\t\t\t\t\t\t\t\t\t\t\t\t\t\t\t\t\t\t\t\t\t\t\t\t\t\t\t\t\t\t\r\n\t\t\t\t\t\t\t\t\t\t\t\t\t\t\t\t\t\t\t\t\t\t\t\t\t\t\t\t\t\t\t\t\t\t\t\t\t\t\t\t\t\t\t\t\t\t\t\t\t\t\t\t\t\t\t\t\t\t\t\t\t\t\t\t\t\t\t\t\t\t\t\t\t\t\t\t\t\t\t\t\t\t\t\t\t\t\t\t\t\t\t\t\t\t\t\t\t\t\t\t\t\t\t\t\t\t\t\t\t\t\t\t\t\t\t\t\t\t\t\t\t\t\t\t\t\t\t\t\t\t\t\t\t\t\t\t\t\t\t\t\t\t\t\t\t\t\t\t\t\t\t\r\n\t\t\t\t\t\t\t\t\t\t\t\t\t\t\t\t\t\t\t\t\t\t\t\t\t\t\t\t\t\t\t\t\t\t\t\t\t\t\t\t\t\t\t\t\t\t\t\t\t\t\t\t\t\t\t\t\t\t\t\t\t\t\t\t\t\t\t\t\t\t\t\t\t\t\t\t\t\t\t\t\t\t\t\t\t\t\t\t\t\t\t\t\t\t\t\t\t\t\t\t\t\t\t\t\t\t\t\t\t\t\t\t\t\t\t\t\t\t\t\t\t\t\t\t\t\t\t\t\t\t\t\t\t\t\t\t\t\t\t\t\t\t\t\t\t\t\t\t\t\t\t\r\n\t\t\t\t\t\t\t\t\t\t\t\t\t\t\t\t\t\t\t\t\t\t\t\t\t\t\t\t\t\t\t\t\t\t\t\t\t\t\t\t\t\t\t\t\t\t\t\t\t\t\t\t\t\t\t\t\t\t\t\t\t\t\t\t\t\t\t\t\t\t\t\t\t\t\t\t\t\t\t\t\t\t\t\t\t\t\t\t\t\t\t\t\t\t\t\t\t\t\t\t\t\t\t\t\t\t\t\t\t\t\t\t\t\t\t\t\t\t\t\t\t\t\t\t\t\t\t\t\t\t\t\t\t\t\t\t\t\t\t\t\t\t\t\t\t\t\t\t\t\t\t\r\n\t\t\t\t\t\t\t\t\t\t\t<\/div>\r\n\t\t\t\t\t\t<!-- Row End -->\r\n\t\t\t\t<\/div>\r\n\t\t\t\t<!-- Container Rnd -->\r\n\t\t\t\t\t\r\n\t\t\t\t\n<h3 style=\"text-align: center;\"><\/h3>\n<\/div>\n<\/div>\n<div id=\"c875\" class=\"csc-default\">\n<div class=\"csc-textpic-text\"><\/div>\n<\/div>\n","protected":false},"excerpt":{"rendered":"<div id=\"c721\" class=\"csc-default\">\n<div class=\"csc-textpic-text\"><span style=\"font-size: 14pt; color: #008000;\"><strong>\u00a0 \u00a0 Entdecken\u00a0 Sie\u00a0 unseren\u00a0 neuen\u00a0 Katalog<a href=\"https:\/\/pk.at\/de_DE\/downloads\"><img class=\"size-medium wp-image-3990 alignce...\n<\/p>\n","protected":false},"author":3,"featured_media":0,"parent":0,"menu_order":0,"comment_status":"closed","ping_status":"closed","template":"","meta":{"footnotes":""},"_links":{"self":[{"href":"https:\/\/pk.at\/de_DE\/wp-json\/wp\/v2\/pages\/15"}],"collection":[{"href":"https:\/\/pk.at\/de_DE\/wp-json\/wp\/v2\/pages"}],"about":[{"href":"https:\/\/pk.at\/de_DE\/wp-json\/wp\/v2\/types\/page"}],"author":[{"embeddable":true,"href":"https:\/\/pk.at\/de_DE\/wp-json\/wp\/v2\/users\/3"}],"replies":[{"embeddable":true,"href":"https:\/\/pk.at\/de_DE\/wp-json\/wp\/v2\/comments?post=15"}],"version-history":[{"count":326,"href":"https:\/\/pk.at\/de_DE\/wp-json\/wp\/v2\/pages\/15\/revisions"}],"predecessor-version":[{"id":4042,"href":"https:\/\/pk.at\/de_DE\/wp-json\/wp\/v2\/pages\/15\/revisions\/4042"}],"wp:attachment":[{"href":"https:\/\/pk.at\/de_DE\/wp-json\/wp\/v2\/media?parent=15"}],"curies":[{"name":"wp","href":"https:\/\/api.w.org\/{rel}","templated":true}]}}