{"id":137,"date":"2015-10-22T10:02:42","date_gmt":"2015-10-22T08:02:42","guid":{"rendered":"http:\/\/petzkolophonium.com\/ueber-uns\/impressum-agb"},"modified":"2022-09-20T08:57:17","modified_gmt":"2022-09-20T06:57:17","slug":"impressum-agb","status":"publish","type":"page","link":"https:\/\/pk.at\/de_DE\/ueber-uns\/impressum-agb","title":{"rendered":"Impressum - AGB"},"content":{"rendered":"<p><span style=\"color: #27693a;\"><strong>PetzVienna GmbH<\/strong><em><br \/>Gesch\u00e4ftsf\u00fchrende Gesellschafter<br \/>Beate Stepanek, Rudolf K\u00f6gl<\/em><\/span><\/p>\n<p><span style=\"color: #27693a;\">Quellenstrasse 2A<\/span><br \/><span style=\"color: #27693a;\">1100 Wien\u00a0\u00a0 AUSTRIA<\/span><br \/><span style=\"color: #27693a;\">phone\u00a0 +431 8892047<\/span><br \/><span style=\"color: #27693a;\">fax\u00a0\u00a0\u00a0\u00a0\u00a0 \u00a0 +431 889204740<\/span><\/p>\n<p><span style=\"color: #27693a;\">e-mail: petz@pk.at<a class=\"mail\" style=\"color: #27693a; text-decoration: underline;\" title=\"\u00d6ffnet ein Fenster zum Versenden der E-Mail\"><br \/><\/a>Internet: www.pk.at<br \/><u><\/u><\/span><span style=\"color: #27693a;\"><em>FN557013m\u00a0\u00a0\u00a0\u00a0\u00a0 ATU76991819<br \/><\/em><em>EORI:\u00a0\u00a0\u00a0\u00a0\u00a0\u00a0 \u00a0\u00a0\u00a0\u00a0\u00a0\u00a0\u00a0\u00a0\u00a0\u00a0 ATEOS1000116010<\/em><\/span><\/p>\n<p>Handelsgericht Wien<\/p>\n<p><strong>Haftungsausschluss:<\/strong> Alle enthaltenen Informationen wurden mit gr\u00f6\u00dfter Sorgfalt kontrolliert. PetzVienna GmbH kann jedoch nicht f\u00fcr Sch\u00e4den haftbar gemacht werden, die in Zusammenhang mit der Verwendung dieser Inhalte stehen. Trotz sorgf\u00e4ltiger inhaltlicher Kontrolle \u00fcbernehmen wir keine Haftung f\u00fcr die Inhalte externer Links. F\u00fcr den Inhalt der verlinkten Seiten sind ausschlie\u00dflich deren Betreiber verantwortlich.<\/p>\n<div class=\"csc-header csc-header-n1\">\n<h1 class=\"csc-firstHeader\">Allgemeine Verkaufs- und Lieferbedingungen<\/h1>\n<\/div>\n<p><b>Geltungsbereich<\/b><br \/>Die gegenst\u00e4ndlichen Allgemeinen Verkaufs- und Lieferbedingungen gelten f\u00fcr alle, insbesondere auch f\u00fcr zuk\u00fcnftige Gesch\u00e4fte zwischen den Vertragspartnern, insoweit keine abweichenden Vereinbarungen getroffen werden. Sie gehen allen anderen Bedingungen vor.<br \/>Der K\u00e4ufer schlie\u00dft seine Gesch\u00e4fte im Rahmen seines Unternehmens ab und ist daher nicht Verbraucher im Sinne des Konsumentenschutzgesetzes.<\/p>\n<p><b>Lieferungen und Versand<\/b><br \/>F\u00fcr die Lieferung unserer Erzeugnisse gelten, soferne nachstehend keine anderen Regelungen getroffen werden, die Internationalen Incoterms. Die Lieferung erfolgt ab Werk auf Gefahr und nach Wunsch des K\u00e4ufers.<br \/>Wir behalten uns vor, Lieferungen nach Ma\u00dfgabe unserer Produktions- und Lieferm\u00f6glichkeiten durchzuf\u00fchren, insbesondere Lieferungen zu teilen, hinauszuschieben oder in begr\u00fcndeten Ausnahmef\u00e4llen zu unterlassen.<\/p>\n<p><b>Preise<\/b><br \/>Auftr\u00e4ge und Bestellungen werden zu den aktuellen Listenpreisen verrechnet. Wenn nicht anders angegeben sind s\u00e4mtliche Preise in EURO erstellt und verstehen sich ohne Mehrwertsteuer.<\/p>\n<p><b>Zahlungsbedingungen<\/b><br \/>Unsere Rechnungen sind, soferne nicht anders schriftlich vereinbart, innerhalb von 30 Tagen ab Rechnungsdatum netto Kassa zu bezahlen. Bei Auslandsfakturen betr\u00e4gt die Nettozahlungsfrist 60 Tage. Die Annahme von Wechseln ist in unseren Zahlungsbedingungen nicht vorgesehen.<\/p>\n<p><b>Zahlungsverzug<\/b><br \/>Bei Zahlungsverzug ist der Kunde verpflichtet, ab dem Tag der F\u00e4lligkeit Verzugszinsen in H\u00f6he von 4% \u00fcber dem Diskontsatz der Europ\u00e4ischen Zentralbank zuz\u00fcglich Mehrwertsteuer zu bezahlen. Der Zahlungsverzug unserer Kunden berechtigt uns, weitere Lieferungen bis zu einer entsprechenden Bereinigung aufzuschieben und\/oder f\u00fcr weitere Lieferungen Bar- bzw. Vorauszahlungen zu verlangen.<\/p>\n<p><b>Akkreditive<\/b><br \/>Bei Lieferung gegen Akkreditiv mu\u00df das Akkreditiv bei einer \u00f6sterreichischen Bank unwiderruflich und best\u00e4tigt sp\u00e4testens 30 Tage vor einem unverbindlich bekanntgegebenen Liefertermin er\u00f6ffnet werden und f\u00fcr einen Zeitraum von mindestens 30 Tagen nach diesem Liefertermin G\u00fcltigkeit besitzen. Die Inanspruchnahme des Akkreditves kann erst Zug um Zug gegen \u00dcbergabe der Lieferpapiere erfolgen.<\/p>\n<p><b>Proforma-Rechnungen<\/b><br \/>Proforma-Rechnungen werden nur ausgestellt, wenn die Zahlungskondition auf Vorauszahlung oder Akkreditiv lautet. Im Falle nicht p\u00fcnktlicher Vorauszahlung oder nicht termingerechter Akkreditiver\u00f6ffnung gilt der Auftrag als storniert.<\/p>\n<p><b>Eigentumsvorbehalt<\/b><br \/>Die gelieferte Ware bleibt bis zur vollst\u00e4ndigen Bezahlung des Kaufpreises unser Eigentum, insbesondere auch dann, wenn die aus der gesamten Gesch\u00e4ftsverbindung entstandenen Forderungen noch nicht voll bezahlt sind. Bis zu diesem Zeitpunkt sind wir auch berechtigt, die Waren vom K\u00e4ufer zur\u00fcckzufordern, auch wenn die Waren ganz oder teilweise weiterver\u00e4u\u00dfert wurden. Ver\u00e4u\u00dfert der K\u00e4ufer die Waren bereits vor ihrer Bezahlung, dann tritt er hiermit s\u00e4mtliche ihm gegen seinen Abnehmer aus den ver\u00e4u\u00dferten Waren zustehende Forderungen bzw. seinen Eigentumsvorbehalt an dieser Ware mit dinglicher Wirkung an uns ab. Der K\u00e4ufer ist nicht berechtigt, die Ware zu verpf\u00e4nden oder zur Sicherstellung zu \u00fcbereignen.<\/p>\n<p><b>Garantie, Gew\u00e4hrleistung, Reklamationen<\/b><br \/>M\u00e4ngel der gelieferten Ware m\u00fcssen sofort ger\u00fcgt werden. Offene M\u00e4ngel binnen acht Tagen nach Erhalt, verborgene M\u00e4ngel innerhalb von acht Tagen nach deren Entdeckung. Im Falle gerechtfertigter Beanstandung leisten wir gegen R\u00fcckstellung des Materials nach unserer Wahl Gutschrift oder kostenlosen Ersatz des zu liefernden Gegenstandes. Jeglicher Schadenersatzanspruch, insbesondere wegen versp\u00e4teter Lieferung oder Nichtlieferung, mangelhafter Lieferung, M\u00e4ngelfolgesch\u00e4den usw. ist ausgeschlossen. Wir haften nicht f\u00fcr Sachsch\u00e4den des Kunden, die durch allf\u00e4llige Fehler unseres Produktes hervorgerufen werden (Freizeichnung gem\u00e4\u00df \u00a7 9 des Produkthaftungsgesetzes).<\/p>\n<p><b>Erf\u00fcllungsort, Gerichtsstand, \u00d6sterreichisches Recht<\/b><br \/>Erf\u00fcllungsort f\u00fcr s\u00e4mtliche Lieferungen, Zahlungen und sonstige Vertragsverpflichtungen ist Wien. ausschlie\u00dflicher Gerichtsstand f\u00fcr alle Streitigkeiten aus oder im Zusammenhang mit Vertr\u00e4gen zwischen uns und unseren Kunden ist Wien-Innere Stadt. Wir sind jedoch wahlweise berechtigt, Klage am Sitz des jeweiligen Kunden zu erheben. S\u00e4mtliche Vertragsverh\u00e4ltnisse unterliegen ausschlie\u00dflich \u00f6sterreichischem Recht.<\/p>\n","protected":false},"excerpt":{"rendered":"<p><span style=\"color: #27693a;\"><strong>PetzVienna GmbH<\/strong><em><br \/>Gesch\u00e4ftsf\u00fchrende Gesellschafter<br \/>Beate Stepanek, Rudolf K\u00f6gl<\/em><\/span><\/p>\n<p><span style=\"color: #27693a;\">Quellenstrasse 2A<\/span><br \/><span style=\"color: #27693a;\">1&#8230;<\/p>\n","protected":false},"author":3,"featured_media":0,"parent":38,"menu_order":2,"comment_status":"closed","ping_status":"closed","template":"","meta":{"footnotes":""},"_links":{"self":[{"href":"https:\/\/pk.at\/de_DE\/wp-json\/wp\/v2\/pages\/137"}],"collection":[{"href":"https:\/\/pk.at\/de_DE\/wp-json\/wp\/v2\/pages"}],"about":[{"href":"https:\/\/pk.at\/de_DE\/wp-json\/wp\/v2\/types\/page"}],"author":[{"embeddable":true,"href":"https:\/\/pk.at\/de_DE\/wp-json\/wp\/v2\/users\/3"}],"replies":[{"embeddable":true,"href":"https:\/\/pk.at\/de_DE\/wp-json\/wp\/v2\/comments?post=137"}],"version-history":[{"count":39,"href":"https:\/\/pk.at\/de_DE\/wp-json\/wp\/v2\/pages\/137\/revisions"}],"predecessor-version":[{"id":2224,"href":"https:\/\/pk.at\/de_DE\/wp-json\/wp\/v2\/pages\/137\/revisions\/2224"}],"up":[{"embeddable":true,"href":"https:\/\/pk.at\/de_DE\/wp-json\/wp\/v2\/pages\/38"}],"wp:attachment":[{"href":"https:\/\/pk.at\/de_DE\/wp-json\/wp\/v2\/media?parent=137"}],"curies":[{"name":"wp","href":"https:\/\/api.w.org\/{rel}","templated":true}]}}